{"id":3340,"date":"2017-11-05T20:09:50","date_gmt":"2017-11-05T19:09:50","guid":{"rendered":"http:\/\/visitedemarseille.com\/visite\/?page_id=3340"},"modified":"2018-07-03T15:53:43","modified_gmt":"2018-07-03T13:53:43","slug":"partenaires","status":"publish","type":"page","link":"https:\/\/visitedemarseille.com\/visite\/partenaires\/","title":{"rendered":"Nos Partenaires"},"content":{"rendered":"<h1 class=\"fw-special-title\">Nos Partenaires<\/h1>\n<p> Ressources sur la ville, belles rencontres, etc&#8230;<\/p>\n<h2>Sites de r\u00e9f\u00e9rence sur la ville<\/h2>\n<p><a href=\"http:\/\/www.tourisme-marseille.com\/\" target=\"_blank\" rel=\"noopener\">Tourisme-Marseille<\/a>, r\u00e9f\u00e9rencement de tous les lieux historiques, insolites, interdits de la ville.<\/p>\n<p><a href=\"http:\/\/marius.marseille.fr\/marius\/jsp\/site\/Portal.jsp\" target=\"_blank\" rel=\"noopener\">Base de donn\u00e9e Marius<\/a> : Photos d&rsquo;\u00e9poque, archives de la ville.<\/p>\n<p><a href=\"http:\/\/www.massiliamundi.com\/\" target=\"_blank\" rel=\"noopener\">Massilia Mundi<\/a>: activit\u00e9 \u00e9conomique des entreprises Marseillaises et Aixoises<\/p>\n<p><a href=\"https:\/\/www.bmvr.marseille.fr\/\">Biblioth\u00e8ques de Marseille<\/a>: site du catalogue en ligne<\/p>\n<p><a href=\"http:\/\/www.marseille.fr\/siteculture\/les-lieux-culturels\/archives-municipales\" target=\"_blank\" rel=\"noopener\">Archives municipales<\/a>: Une mine d&rsquo;information et un lieu historique \u00e0 visiter gratuitement.<\/p>\n<p><a href=\"https:\/\/www.lepilote.com\/\" target=\"_blank\" rel=\"noopener\">Se d\u00e9placer en transports en commun<\/a>: itin\u00e9raires, horaires des lignes&#8230;<\/p>\n<p><a href=\"https:\/\/www.babelio.com\/livres-\/marseille\/420\" target=\"_blank\" rel=\"noopener\">Marseille dans la litt\u00e9rature<\/a>: Livres, romans, litt\u00e9rature sur Marseille<\/p>\n<p><a href=\"https:\/\/quefaireenfamille.com\/\" target=\"_blank\" rel=\"noopener\">Que faire en famille?<\/a> : Toutes les activit\u00e9s pour les enfants, class\u00e9es par date ou th\u00e9matiques.<\/p>\n<h2>Logements<\/h2>\n<p><a href=\"http:\/\/www.gite-marseille-panier.com\/\" target=\"_blank\" rel=\"noopener\">Les Gites du Panier:<\/a> en plein coeur du petit quartier, mais aussi au bord de la mer<\/p>\n<h2>Restauration<\/h2>\n<p><a href=\"https:\/\/www.toctocfood.net\/\" target=\"_blank\" rel=\"noopener\">Toctoc Food<\/a>: un guide des restaurants sympas tous test\u00e9s par une fine gastronome.<\/p>\n<h2>Bien-\u00eatre<\/h2>\n<p><a href=\"http:\/\/www.bienetre-naturopathie.fr\/\" target=\"_blank\" rel=\"noopener\">Naturopathe<\/a> : une amie talentueuse<\/p>\n<p><a href=\"http:\/\/www.armelleberaudy.fr\/\" target=\"_blank\" rel=\"noopener\">Th\u00e9rapeute \u00e9nerg\u00e9tique<\/a> : une autre amie talentueuse<\/p>\n<h2>Associations<\/h2>\n<p><a href=\"https:\/\/www.unadev.com\/centreregion\/centre-unadev-paca\/\" target=\"_blank\" rel=\"noopener\">UNADEV<\/a> : accompagnement des personnes mal-voyantes ou non-voyantes.<\/p>\n<p><a href=\"https:\/\/lavilladespoetes.lna-sante.com\/\" target=\"_blank\" rel=\"noopener\">Villa des po\u00e8tes:<\/a> EPHAD de grande qualit\u00e9<\/p>\n<p><a href=\"https:\/\/nomadescelestes.blog\/qui-sommes-nous\/\" target=\"_blank\" rel=\"noopener\">Les Nomades C\u00e9lestes<\/a>: association de r\u00e9insertion par l&rsquo;agriculture urbaine<\/p>\n<p><a href=\"http:\/\/lepaysanurbain.fr\/\">Le Paysan Urbain:<\/a> association d&rsquo;insertion par l&rsquo;agriculture urbaine<\/p>\n<p>&nbsp;<\/p>\n<p><!-- 267083c80833b205e647ffea262a81db --><\/p>\n","protected":false},"excerpt":{"rendered":"<p>Nos Partenaires Ressources sur la ville, belles rencontres, etc&#8230; Sites de r\u00e9f\u00e9rence sur la ville Tourisme-Marseille, r\u00e9f\u00e9rencement de tous les lieux historiques, insolites, interdits de la ville. Base de donn\u00e9e Marius : Photos d&rsquo;\u00e9poque, archives de la ville. Massilia Mundi: activit\u00e9 \u00e9conomique des entreprises Marseillaises et Aixoises Biblioth\u00e8ques de Marseille: site du catalogue en ligne [&hellip;]<\/p>\n","protected":false},"author":1,"featured_media":0,"parent":0,"menu_order":0,"comment_status":"closed","ping_status":"closed","template":"visual-builder-template.php","meta":{"_themeisle_gutenberg_block_has_review":false,"footnotes":""},"class_list":["post-3340","page","type-page","status-publish","hentry"],"yoast_head":"<!-- This site is optimized with the Yoast SEO plugin v24.3 - https:\/\/yoast.com\/wordpress\/plugins\/seo\/ -->\n<title>Nos Partenaires - Visite de Marseille<\/title>\n<meta name=\"description\" content=\"ressources sur la ville de Marseille, sites de recherche, logements, restauration\" \/>\n<meta name=\"robots\" content=\"index, follow, max-snippet:-1, max-image-preview:large, max-video-preview:-1\" \/>\n<link rel=\"canonical\" href=\"https:\/\/visitedemarseille.com\/visite\/partenaires\/\" \/>\n<meta property=\"og:locale\" content=\"fr_FR\" \/>\n<meta property=\"og:type\" content=\"article\" \/>\n<meta property=\"og:title\" content=\"Nos Partenaires - Visite de Marseille\" \/>\n<meta property=\"og:description\" content=\"ressources sur la ville de Marseille, sites de recherche, logements, restauration\" \/>\n<meta property=\"og:url\" content=\"https:\/\/visitedemarseille.com\/visite\/partenaires\/\" \/>\n<meta property=\"og:site_name\" content=\"Visite de Marseille\" \/>\n<meta property=\"article:publisher\" content=\"https:\/\/www.facebook.com\/Visitedemarseille\/\" \/>\n<meta property=\"article:modified_time\" content=\"2018-07-03T13:53:43+00:00\" \/>\n<meta name=\"twitter:card\" content=\"summary_large_image\" \/>\n<meta name=\"twitter:label1\" content=\"Dur\u00e9e de lecture estim\u00e9e\" \/>\n\t<meta name=\"twitter:data1\" content=\"1 minute\" \/>\n<script type=\"application\/ld+json\" class=\"yoast-schema-graph\">{\"@context\":\"https:\/\/schema.org\",\"@graph\":[{\"@type\":\"WebPage\",\"@id\":\"https:\/\/visitedemarseille.com\/visite\/partenaires\/\",\"url\":\"https:\/\/visitedemarseille.com\/visite\/partenaires\/\",\"name\":\"Nos Partenaires - Visite de Marseille\",\"isPartOf\":{\"@id\":\"https:\/\/visitedemarseille.com\/visite\/#website\"},\"datePublished\":\"2017-11-05T19:09:50+00:00\",\"dateModified\":\"2018-07-03T13:53:43+00:00\",\"description\":\"ressources sur la ville de Marseille, sites de recherche, logements, restauration\",\"breadcrumb\":{\"@id\":\"https:\/\/visitedemarseille.com\/visite\/partenaires\/#breadcrumb\"},\"inLanguage\":\"fr-FR\",\"potentialAction\":[{\"@type\":\"ReadAction\",\"target\":[\"https:\/\/visitedemarseille.com\/visite\/partenaires\/\"]}]},{\"@type\":\"BreadcrumbList\",\"@id\":\"https:\/\/visitedemarseille.com\/visite\/partenaires\/#breadcrumb\",\"itemListElement\":[{\"@type\":\"ListItem\",\"position\":1,\"name\":\"Accueil\",\"item\":\"https:\/\/visitedemarseille.com\/visite\/\"},{\"@type\":\"ListItem\",\"position\":2,\"name\":\"Nos Partenaires\"}]},{\"@type\":\"WebSite\",\"@id\":\"https:\/\/visitedemarseille.com\/visite\/#website\",\"url\":\"https:\/\/visitedemarseille.com\/visite\/\",\"name\":\"Visite de Marseille\",\"description\":\"visites scolaires|conf\u00e9rences Marseillaises| animations seniors\",\"publisher\":{\"@id\":\"https:\/\/visitedemarseille.com\/visite\/#organization\"},\"potentialAction\":[{\"@type\":\"SearchAction\",\"target\":{\"@type\":\"EntryPoint\",\"urlTemplate\":\"https:\/\/visitedemarseille.com\/visite\/?s={search_term_string}\"},\"query-input\":{\"@type\":\"PropertyValueSpecification\",\"valueRequired\":true,\"valueName\":\"search_term_string\"}}],\"inLanguage\":\"fr-FR\"},{\"@type\":\"Organization\",\"@id\":\"https:\/\/visitedemarseille.com\/visite\/#organization\",\"name\":\"Visite de Marseille\",\"url\":\"https:\/\/visitedemarseille.com\/visite\/\",\"logo\":{\"@type\":\"ImageObject\",\"inLanguage\":\"fr-FR\",\"@id\":\"https:\/\/visitedemarseille.com\/visite\/#\/schema\/logo\/image\/\",\"url\":\"https:\/\/visitedemarseille.com\/visite\/wp-content\/uploads\/2022\/10\/3.png\",\"contentUrl\":\"https:\/\/visitedemarseille.com\/visite\/wp-content\/uploads\/2022\/10\/3.png\",\"width\":1200,\"height\":600,\"caption\":\"Visite de Marseille\"},\"image\":{\"@id\":\"https:\/\/visitedemarseille.com\/visite\/#\/schema\/logo\/image\/\"},\"sameAs\":[\"https:\/\/www.facebook.com\/Visitedemarseille\/\"]}]}<\/script>\n<!-- \/ Yoast SEO plugin. -->","yoast_head_json":{"title":"Nos Partenaires - Visite de Marseille","description":"ressources sur la ville de Marseille, sites de recherche, logements, restauration","robots":{"index":"index","follow":"follow","max-snippet":"max-snippet:-1","max-image-preview":"max-image-preview:large","max-video-preview":"max-video-preview:-1"},"canonical":"https:\/\/visitedemarseille.com\/visite\/partenaires\/","og_locale":"fr_FR","og_type":"article","og_title":"Nos Partenaires - Visite de Marseille","og_description":"ressources sur la ville de Marseille, sites de recherche, logements, restauration","og_url":"https:\/\/visitedemarseille.com\/visite\/partenaires\/","og_site_name":"Visite de Marseille","article_publisher":"https:\/\/www.facebook.com\/Visitedemarseille\/","article_modified_time":"2018-07-03T13:53:43+00:00","twitter_card":"summary_large_image","twitter_misc":{"Dur\u00e9e de lecture estim\u00e9e":"1 minute"},"schema":{"@context":"https:\/\/schema.org","@graph":[{"@type":"WebPage","@id":"https:\/\/visitedemarseille.com\/visite\/partenaires\/","url":"https:\/\/visitedemarseille.com\/visite\/partenaires\/","name":"Nos Partenaires - Visite de Marseille","isPartOf":{"@id":"https:\/\/visitedemarseille.com\/visite\/#website"},"datePublished":"2017-11-05T19:09:50+00:00","dateModified":"2018-07-03T13:53:43+00:00","description":"ressources sur la ville de Marseille, sites de recherche, logements, restauration","breadcrumb":{"@id":"https:\/\/visitedemarseille.com\/visite\/partenaires\/#breadcrumb"},"inLanguage":"fr-FR","potentialAction":[{"@type":"ReadAction","target":["https:\/\/visitedemarseille.com\/visite\/partenaires\/"]}]},{"@type":"BreadcrumbList","@id":"https:\/\/visitedemarseille.com\/visite\/partenaires\/#breadcrumb","itemListElement":[{"@type":"ListItem","position":1,"name":"Accueil","item":"https:\/\/visitedemarseille.com\/visite\/"},{"@type":"ListItem","position":2,"name":"Nos Partenaires"}]},{"@type":"WebSite","@id":"https:\/\/visitedemarseille.com\/visite\/#website","url":"https:\/\/visitedemarseille.com\/visite\/","name":"Visite de Marseille","description":"visites scolaires|conf\u00e9rences Marseillaises| animations seniors","publisher":{"@id":"https:\/\/visitedemarseille.com\/visite\/#organization"},"potentialAction":[{"@type":"SearchAction","target":{"@type":"EntryPoint","urlTemplate":"https:\/\/visitedemarseille.com\/visite\/?s={search_term_string}"},"query-input":{"@type":"PropertyValueSpecification","valueRequired":true,"valueName":"search_term_string"}}],"inLanguage":"fr-FR"},{"@type":"Organization","@id":"https:\/\/visitedemarseille.com\/visite\/#organization","name":"Visite de Marseille","url":"https:\/\/visitedemarseille.com\/visite\/","logo":{"@type":"ImageObject","inLanguage":"fr-FR","@id":"https:\/\/visitedemarseille.com\/visite\/#\/schema\/logo\/image\/","url":"https:\/\/visitedemarseille.com\/visite\/wp-content\/uploads\/2022\/10\/3.png","contentUrl":"https:\/\/visitedemarseille.com\/visite\/wp-content\/uploads\/2022\/10\/3.png","width":1200,"height":600,"caption":"Visite de Marseille"},"image":{"@id":"https:\/\/visitedemarseille.com\/visite\/#\/schema\/logo\/image\/"},"sameAs":["https:\/\/www.facebook.com\/Visitedemarseille\/"]}]}},"_links":{"self":[{"href":"https:\/\/visitedemarseille.com\/visite\/wp-json\/wp\/v2\/pages\/3340","targetHints":{"allow":["GET"]}}],"collection":[{"href":"https:\/\/visitedemarseille.com\/visite\/wp-json\/wp\/v2\/pages"}],"about":[{"href":"https:\/\/visitedemarseille.com\/visite\/wp-json\/wp\/v2\/types\/page"}],"author":[{"embeddable":true,"href":"https:\/\/visitedemarseille.com\/visite\/wp-json\/wp\/v2\/users\/1"}],"replies":[{"embeddable":true,"href":"https:\/\/visitedemarseille.com\/visite\/wp-json\/wp\/v2\/comments?post=3340"}],"version-history":[{"count":14,"href":"https:\/\/visitedemarseille.com\/visite\/wp-json\/wp\/v2\/pages\/3340\/revisions"}],"predecessor-version":[{"id":5228,"href":"https:\/\/visitedemarseille.com\/visite\/wp-json\/wp\/v2\/pages\/3340\/revisions\/5228"}],"wp:attachment":[{"href":"https:\/\/visitedemarseille.com\/visite\/wp-json\/wp\/v2\/media?parent=3340"}],"curies":[{"name":"wp","href":"https:\/\/api.w.org\/{rel}","templated":true}]}}