{"id":3606,"date":"2017-12-01T11:18:08","date_gmt":"2017-12-01T10:18:08","guid":{"rendered":"http:\/\/visitedemarseille.com\/visite\/?page_id=3606"},"modified":"2022-04-30T09:18:08","modified_gmt":"2022-04-30T07:18:08","slug":"panier-visite-incontournable","status":"publish","type":"page","link":"https:\/\/visitedemarseille.com\/visite\/panier-visite-incontournable\/","title":{"rendered":"2-Le Panier, une visite incontournable"},"content":{"rendered":"<h1 class=\"fw-special-title\">Le Panier, toute une histoire.<\/h1>\n<p>Une visite guid\u00e9e dans l&rsquo;intimit\u00e9 du quartier<\/p>\n<p>Au d\u00e9part du Vieux-Port, en route direction rive Nord. Le long de cette visite guid\u00e9e pittoresque, nous irons \u00e0 la d\u00e9couverte de l\u2019identit\u00e9 de la ville : port d\u2019accueil, cit\u00e9 commer\u00e7ante et ind\u00e9pendante. Vous deviendrez Marseillais le temps du march\u00e9 aux poissons, et remonterez le temps avec votre guide en explorant le plus vieux quartier de Marseille.<\/p>\n<h2>H\u00f4tel de ville, &nbsp;Vieille Charit\u00e9, Cath\u00e9drale de la Major, Eglise Saint Laurent\u2026<\/h2>\n<p>La visite guid\u00e9e du Panier couvre beaucoup de monuments Marseillais (H\u00f4tel de ville, \u00e9glise des Accoules, H\u00f4tel de Cabre, Maison diamant\u00e9e, H\u00f4tel-Dieu, Vieille Charit\u00e9, Cath\u00e9drale de la Major, \u00e9glise Saint Laurent).&nbsp; On y parle histoire, r\u00e9novation urbaine, mais aussi anecdotes confi\u00e9es par les habitants du quartier. On ne s&rsquo;ennuie pas!<\/p>\n<h3>\u2026Et d\u00e9couverte du MuCEM\u2026<\/h3>\n<p>Cette visite guid\u00e9e peut se poursuivre agr\u00e9ablement avec la d\u00e9couverte du MuCEM et du Fort Saint Jean,(1 heure de plus), 2 lieux incontournables du renouveau de la Cit\u00e9 Phoc\u00e9enne.<\/p>\n<p><a href=\"http:\/\/visitedemarseille.com\/visite\/contact\/\" target=\"_self\" class=\"fw-btn tf-sh-dc2802a361a7ea8661d022dec6c98320 fw-btn-md fw-btn-side-by-side fw-btn-4\" style=\"\" rel=\"noopener\"><br \/>\nR\u00e9servez votre visite<br \/>\n<\/a><\/p>\n<h4>Dur\u00e9e<\/h4>\n<p>Environ 2h00. Rajouter 1 heure de plus pour la d\u00e9couverte du MuCEM et du Fort St Jean.<\/p>\n<h4>Tarifs<\/h4>\n<p>A partir de 100 EUR (en basse saison, selon le nombre de personnes, individuels ou groupes, etc.)<\/p>\n<p>Les prix sont nets (la TVA n\u2019est pas applicable). Ils n\u2019incluent pas le co\u00fbt de l\u2019entr\u00e9e dans un mus\u00e9e ou une exposition s\u2019il y a lieu, les d\u00e9gustations ou d\u00e9jeuners, les transports ou autres prestations qui pourraient \u00eatre attenantes \u00e0 la visite.<\/p>\n<h4>En circuit<\/h4>\n<p>Si vous avez 1 jour: Ne manquez pas la vue Panoramique et la beaut\u00e9 de <a href=\"http:\/\/visitedemarseille.com\/visite\/notre-dame-de-garde-visite-guidee-bonne-mere\/\" target=\"_blank\" rel=\"noopener\">Notre Dame de la Garde<\/a>. Tr\u00e8s facile \u00e0 relier au d\u00e9part du <a href=\"http:\/\/visitedemarseille.com\/visite\/i-love-mucem\/\" target=\"_blank\" rel=\"noopener\">MuCEM<\/a>, par le bus ou en petit train.<\/p>\n<p>Si vous avez 2 jours: Le lendemain allez fl\u00e2ner \u00e0 la <a href=\"http:\/\/visitedemarseille.com\/visite\/cite-radieuse\/\" target=\"_blank\" rel=\"noopener\">Cit\u00e9 Radieuse<\/a> puis laissez vous tenter par un d\u00e9jeuner (suivi d&rsquo;une balade digestive) aux Goudes.<\/p>\n<h4>Public<\/h4>\n<p>ParticuliersGroupesScolairesVisite accessible<\/p>\n<h4>Les bonnes adresses<\/h4>\n<p><a href=\"http:\/\/ceramique-marseille.com\/\" target=\"_blank\" rel=\"noopener\">C\u00e9ramiques Tassara<\/a> Bien avant la r\u00e9novation du quartier, elle \u00e9tait l\u00e0, dans son atelier, \u00e0 faire des pi\u00e8ces uniques inspir\u00e9es des Calanques.<\/p>\n<p><a href=\"https:\/\/www.yelp.fr\/biz\/72-p%C3%A9tanque-marseille-2\" target=\"_blank\" rel=\"noopener\">72% p\u00e9tanque- savon de marseille<\/a> Courez-y vite avant que cela ne disparaisse. Ici vous pourrez acheter le v\u00e9ritable savon de Marseille, \u00e0 des prix justes, dans des emballages simples et originaux.<\/p>\n<p><a href=\"https:\/\/www.tripadvisor.fr\/Restaurant_Review-g187253-d8505647-Reviews-La_Boite_a_Panisse-Marseille_Bouches_du_Rhone_Provence_Alpes_Cote_d_Azur.html\" target=\"_blank\" rel=\"noopener\">La boite \u00e0 panisse:<\/a> Une bonne adresse sans pr\u00e9tention pour d\u00e9guster quelques sp\u00e9cialit\u00e9s locales et le fish &amp; chips Marseillais.<\/p>\n<p><a class=\"fw-block-image-child fw-ratio-4-3 fw-ratio-container\" href=\"\/\/visitedemarseille.com\/visite\/wp-content\/uploads\/2018\/03\/vieux-port.jpg\" data-rel=\"prettyPhoto\" rel=\"prettyPhoto\"><br \/>\n<img decoding=\"async\" src=\"http:\/\/visitedemarseille.com\/visite\/wp-content\/uploads\/2018\/03\/vieux-port.jpg\" alt=\"Visite guid\u00e9e du Panier au d\u00e9part du march\u00e9 aux poissons Marseille\" data-maxdpr=\"1.7\" width=\"300\" class=\"lazyload\"> <\/a><br \/>\n<a class=\"fw-block-image-child fw-ratio-4-3 fw-ratio-container\" href=\"\/\/visitedemarseille.com\/visite\/wp-content\/uploads\/2018\/03\/marseille-vieille-charit\u00e9.jpg\" data-rel=\"prettyPhoto\" rel=\"prettyPhoto\"><br \/>\n<img decoding=\"async\" src=\"http:\/\/visitedemarseille.com\/visite\/wp-content\/uploads\/2018\/03\/marseille-vieille-charit\u00e9.jpg\" alt=\"visite guid\u00e9e panier: la vieille charit\u00e9\" data-maxdpr=\"1.7\" width=\"300\" class=\"lazyload\"> <\/a><br \/>\n<a class=\"fw-block-image-child fw-ratio-4-3 fw-ratio-container\" href=\"\/\/visitedemarseille.com\/visite\/wp-content\/uploads\/2018\/03\/VISITE-scolaire-14-1.jpg\" data-rel=\"prettyPhoto\" rel=\"prettyPhoto\"><br \/>\n<img decoding=\"async\" src=\"http:\/\/visitedemarseille.com\/visite\/wp-content\/uploads\/2018\/03\/VISITE-scolaire-14-1.jpg\" alt=\"visite guid\u00e9e du Panier\" data-maxdpr=\"1.7\" width=\"300\" class=\"lazyload\"> <\/a><br \/>\n<img decoding=\"async\" src=\"http:\/\/visitedemarseille.com\/visite\/wp-content\/uploads\/2017\/11\/11.png\" alt=\"Comment r\u00e9server votre visite de Marseille ?\" data-maxdpr=\"1.7\" width=\"950\" class=\"lazyload\"><br \/>\n<a href=\"http:\/\/visitedemarseille.com\/visite\/contact\/\" target=\"_self\" class=\"fw-btn tf-sh-f74aff23b5e5f53c1934227dfa2d9314 fw-btn-md fw-btn-4\" style=\"\" rel=\"noopener\"><br \/>\n&gt; R\u00e9servez votre visite<br \/>\n<\/a><\/p>\n<p style=\"text-align: center;\">Retour vers le<a href=\"http:\/\/visitedemarseille.com\/visite\/nosvisites\/\">&nbsp;catalogue des visites<\/a>&nbsp;ou vers la&nbsp;<a href=\"http:\/\/visitedemarseille.com\/visite\/\">page d&rsquo;accueil<\/a><\/p>\n<p><!-- f20642883b9b4f051d8be70e61f9a921 --><\/p>\n","protected":false},"excerpt":{"rendered":"<p>Le Panier, toute une histoire. Une visite guid\u00e9e dans l&rsquo;intimit\u00e9 du quartier Au d\u00e9part du Vieux-Port, en route direction rive Nord. Le long de cette visite guid\u00e9e pittoresque, nous irons \u00e0 la d\u00e9couverte de l\u2019identit\u00e9 de la ville : port d\u2019accueil, cit\u00e9 commer\u00e7ante et ind\u00e9pendante. Vous deviendrez Marseillais le temps du march\u00e9 aux poissons, et [&hellip;]<\/p>\n","protected":false},"author":1,"featured_media":0,"parent":0,"menu_order":0,"comment_status":"closed","ping_status":"closed","template":"","meta":{"_themeisle_gutenberg_block_has_review":false,"footnotes":""},"class_list":["post-3606","page","type-page","status-publish","hentry"],"yoast_head":"<!-- This site is optimized with the Yoast SEO plugin v24.3 - https:\/\/yoast.com\/wordpress\/plugins\/seo\/ -->\n<title>Visite guid\u00e9e du Panier: le plus vieux quartier de Marseille!<\/title>\n<meta name=\"description\" content=\"Faites une visite guid\u00e9e dans le plus vieux quartier de Marseille avec votre guide. D\u00e9couvrez l&#039;h\u00f4tel de ville, la Vieille Charit\u00e9, la Major et le MuCem \u00e0 pied.\" \/>\n<meta name=\"robots\" content=\"index, follow, max-snippet:-1, max-image-preview:large, max-video-preview:-1\" \/>\n<link rel=\"canonical\" href=\"https:\/\/visitedemarseille.com\/visite\/panier-visite-incontournable\/\" \/>\n<meta property=\"og:locale\" content=\"fr_FR\" \/>\n<meta property=\"og:type\" content=\"article\" \/>\n<meta property=\"og:title\" content=\"Visite guid\u00e9e du Panier: le plus vieux quartier de Marseille!\" \/>\n<meta property=\"og:description\" content=\"Faites une visite guid\u00e9e dans le plus vieux quartier de Marseille avec votre guide. D\u00e9couvrez l&#039;h\u00f4tel de ville, la Vieille Charit\u00e9, la Major et le MuCem \u00e0 pied.\" \/>\n<meta property=\"og:url\" content=\"https:\/\/visitedemarseille.com\/visite\/panier-visite-incontournable\/\" \/>\n<meta property=\"og:site_name\" content=\"Visite de Marseille\" \/>\n<meta property=\"article:publisher\" content=\"https:\/\/www.facebook.com\/Visitedemarseille\/\" \/>\n<meta property=\"article:modified_time\" content=\"2022-04-30T07:18:08+00:00\" \/>\n<meta property=\"og:image\" content=\"http:\/\/visitedemarseille.com\/visite\/wp-content\/uploads\/2018\/03\/vieux-port.jpg\" \/>\n<meta name=\"twitter:card\" content=\"summary_large_image\" \/>\n<meta name=\"twitter:label1\" content=\"Dur\u00e9e de lecture estim\u00e9e\" \/>\n\t<meta name=\"twitter:data1\" content=\"2 minutes\" \/>\n<script type=\"application\/ld+json\" class=\"yoast-schema-graph\">{\"@context\":\"https:\/\/schema.org\",\"@graph\":[{\"@type\":\"WebPage\",\"@id\":\"https:\/\/visitedemarseille.com\/visite\/panier-visite-incontournable\/\",\"url\":\"https:\/\/visitedemarseille.com\/visite\/panier-visite-incontournable\/\",\"name\":\"Visite guid\u00e9e du Panier: le plus vieux quartier de Marseille!\",\"isPartOf\":{\"@id\":\"https:\/\/visitedemarseille.com\/visite\/#website\"},\"primaryImageOfPage\":{\"@id\":\"https:\/\/visitedemarseille.com\/visite\/panier-visite-incontournable\/#primaryimage\"},\"image\":{\"@id\":\"https:\/\/visitedemarseille.com\/visite\/panier-visite-incontournable\/#primaryimage\"},\"thumbnailUrl\":\"http:\/\/visitedemarseille.com\/visite\/wp-content\/uploads\/2018\/03\/vieux-port.jpg\",\"datePublished\":\"2017-12-01T10:18:08+00:00\",\"dateModified\":\"2022-04-30T07:18:08+00:00\",\"description\":\"Faites une visite guid\u00e9e dans le plus vieux quartier de Marseille avec votre guide. D\u00e9couvrez l'h\u00f4tel de ville, la Vieille Charit\u00e9, la Major et le MuCem \u00e0 pied.\",\"breadcrumb\":{\"@id\":\"https:\/\/visitedemarseille.com\/visite\/panier-visite-incontournable\/#breadcrumb\"},\"inLanguage\":\"fr-FR\",\"potentialAction\":[{\"@type\":\"ReadAction\",\"target\":[\"https:\/\/visitedemarseille.com\/visite\/panier-visite-incontournable\/\"]}]},{\"@type\":\"ImageObject\",\"inLanguage\":\"fr-FR\",\"@id\":\"https:\/\/visitedemarseille.com\/visite\/panier-visite-incontournable\/#primaryimage\",\"url\":\"http:\/\/visitedemarseille.com\/visite\/wp-content\/uploads\/2018\/03\/vieux-port.jpg\",\"contentUrl\":\"http:\/\/visitedemarseille.com\/visite\/wp-content\/uploads\/2018\/03\/vieux-port.jpg\"},{\"@type\":\"BreadcrumbList\",\"@id\":\"https:\/\/visitedemarseille.com\/visite\/panier-visite-incontournable\/#breadcrumb\",\"itemListElement\":[{\"@type\":\"ListItem\",\"position\":1,\"name\":\"Accueil\",\"item\":\"https:\/\/visitedemarseille.com\/visite\/\"},{\"@type\":\"ListItem\",\"position\":2,\"name\":\"2-Le Panier, une visite incontournable\"}]},{\"@type\":\"WebSite\",\"@id\":\"https:\/\/visitedemarseille.com\/visite\/#website\",\"url\":\"https:\/\/visitedemarseille.com\/visite\/\",\"name\":\"Visite de Marseille\",\"description\":\"visites scolaires|conf\u00e9rences Marseillaises| animations seniors\",\"publisher\":{\"@id\":\"https:\/\/visitedemarseille.com\/visite\/#organization\"},\"potentialAction\":[{\"@type\":\"SearchAction\",\"target\":{\"@type\":\"EntryPoint\",\"urlTemplate\":\"https:\/\/visitedemarseille.com\/visite\/?s={search_term_string}\"},\"query-input\":{\"@type\":\"PropertyValueSpecification\",\"valueRequired\":true,\"valueName\":\"search_term_string\"}}],\"inLanguage\":\"fr-FR\"},{\"@type\":\"Organization\",\"@id\":\"https:\/\/visitedemarseille.com\/visite\/#organization\",\"name\":\"Visite de Marseille\",\"url\":\"https:\/\/visitedemarseille.com\/visite\/\",\"logo\":{\"@type\":\"ImageObject\",\"inLanguage\":\"fr-FR\",\"@id\":\"https:\/\/visitedemarseille.com\/visite\/#\/schema\/logo\/image\/\",\"url\":\"https:\/\/visitedemarseille.com\/visite\/wp-content\/uploads\/2022\/10\/3.png\",\"contentUrl\":\"https:\/\/visitedemarseille.com\/visite\/wp-content\/uploads\/2022\/10\/3.png\",\"width\":1200,\"height\":600,\"caption\":\"Visite de Marseille\"},\"image\":{\"@id\":\"https:\/\/visitedemarseille.com\/visite\/#\/schema\/logo\/image\/\"},\"sameAs\":[\"https:\/\/www.facebook.com\/Visitedemarseille\/\"]}]}<\/script>\n<!-- \/ Yoast SEO plugin. -->","yoast_head_json":{"title":"Visite guid\u00e9e du Panier: le plus vieux quartier de Marseille!","description":"Faites une visite guid\u00e9e dans le plus vieux quartier de Marseille avec votre guide. D\u00e9couvrez l'h\u00f4tel de ville, la Vieille Charit\u00e9, la Major et le MuCem \u00e0 pied.","robots":{"index":"index","follow":"follow","max-snippet":"max-snippet:-1","max-image-preview":"max-image-preview:large","max-video-preview":"max-video-preview:-1"},"canonical":"https:\/\/visitedemarseille.com\/visite\/panier-visite-incontournable\/","og_locale":"fr_FR","og_type":"article","og_title":"Visite guid\u00e9e du Panier: le plus vieux quartier de Marseille!","og_description":"Faites une visite guid\u00e9e dans le plus vieux quartier de Marseille avec votre guide. D\u00e9couvrez l'h\u00f4tel de ville, la Vieille Charit\u00e9, la Major et le MuCem \u00e0 pied.","og_url":"https:\/\/visitedemarseille.com\/visite\/panier-visite-incontournable\/","og_site_name":"Visite de Marseille","article_publisher":"https:\/\/www.facebook.com\/Visitedemarseille\/","article_modified_time":"2022-04-30T07:18:08+00:00","og_image":[{"url":"http:\/\/visitedemarseille.com\/visite\/wp-content\/uploads\/2018\/03\/vieux-port.jpg","type":"","width":"","height":""}],"twitter_card":"summary_large_image","twitter_misc":{"Dur\u00e9e de lecture estim\u00e9e":"2 minutes"},"schema":{"@context":"https:\/\/schema.org","@graph":[{"@type":"WebPage","@id":"https:\/\/visitedemarseille.com\/visite\/panier-visite-incontournable\/","url":"https:\/\/visitedemarseille.com\/visite\/panier-visite-incontournable\/","name":"Visite guid\u00e9e du Panier: le plus vieux quartier de Marseille!","isPartOf":{"@id":"https:\/\/visitedemarseille.com\/visite\/#website"},"primaryImageOfPage":{"@id":"https:\/\/visitedemarseille.com\/visite\/panier-visite-incontournable\/#primaryimage"},"image":{"@id":"https:\/\/visitedemarseille.com\/visite\/panier-visite-incontournable\/#primaryimage"},"thumbnailUrl":"http:\/\/visitedemarseille.com\/visite\/wp-content\/uploads\/2018\/03\/vieux-port.jpg","datePublished":"2017-12-01T10:18:08+00:00","dateModified":"2022-04-30T07:18:08+00:00","description":"Faites une visite guid\u00e9e dans le plus vieux quartier de Marseille avec votre guide. D\u00e9couvrez l'h\u00f4tel de ville, la Vieille Charit\u00e9, la Major et le MuCem \u00e0 pied.","breadcrumb":{"@id":"https:\/\/visitedemarseille.com\/visite\/panier-visite-incontournable\/#breadcrumb"},"inLanguage":"fr-FR","potentialAction":[{"@type":"ReadAction","target":["https:\/\/visitedemarseille.com\/visite\/panier-visite-incontournable\/"]}]},{"@type":"ImageObject","inLanguage":"fr-FR","@id":"https:\/\/visitedemarseille.com\/visite\/panier-visite-incontournable\/#primaryimage","url":"http:\/\/visitedemarseille.com\/visite\/wp-content\/uploads\/2018\/03\/vieux-port.jpg","contentUrl":"http:\/\/visitedemarseille.com\/visite\/wp-content\/uploads\/2018\/03\/vieux-port.jpg"},{"@type":"BreadcrumbList","@id":"https:\/\/visitedemarseille.com\/visite\/panier-visite-incontournable\/#breadcrumb","itemListElement":[{"@type":"ListItem","position":1,"name":"Accueil","item":"https:\/\/visitedemarseille.com\/visite\/"},{"@type":"ListItem","position":2,"name":"2-Le Panier, une visite incontournable"}]},{"@type":"WebSite","@id":"https:\/\/visitedemarseille.com\/visite\/#website","url":"https:\/\/visitedemarseille.com\/visite\/","name":"Visite de Marseille","description":"visites scolaires|conf\u00e9rences Marseillaises| animations seniors","publisher":{"@id":"https:\/\/visitedemarseille.com\/visite\/#organization"},"potentialAction":[{"@type":"SearchAction","target":{"@type":"EntryPoint","urlTemplate":"https:\/\/visitedemarseille.com\/visite\/?s={search_term_string}"},"query-input":{"@type":"PropertyValueSpecification","valueRequired":true,"valueName":"search_term_string"}}],"inLanguage":"fr-FR"},{"@type":"Organization","@id":"https:\/\/visitedemarseille.com\/visite\/#organization","name":"Visite de Marseille","url":"https:\/\/visitedemarseille.com\/visite\/","logo":{"@type":"ImageObject","inLanguage":"fr-FR","@id":"https:\/\/visitedemarseille.com\/visite\/#\/schema\/logo\/image\/","url":"https:\/\/visitedemarseille.com\/visite\/wp-content\/uploads\/2022\/10\/3.png","contentUrl":"https:\/\/visitedemarseille.com\/visite\/wp-content\/uploads\/2022\/10\/3.png","width":1200,"height":600,"caption":"Visite de Marseille"},"image":{"@id":"https:\/\/visitedemarseille.com\/visite\/#\/schema\/logo\/image\/"},"sameAs":["https:\/\/www.facebook.com\/Visitedemarseille\/"]}]}},"_links":{"self":[{"href":"https:\/\/visitedemarseille.com\/visite\/wp-json\/wp\/v2\/pages\/3606","targetHints":{"allow":["GET"]}}],"collection":[{"href":"https:\/\/visitedemarseille.com\/visite\/wp-json\/wp\/v2\/pages"}],"about":[{"href":"https:\/\/visitedemarseille.com\/visite\/wp-json\/wp\/v2\/types\/page"}],"author":[{"embeddable":true,"href":"https:\/\/visitedemarseille.com\/visite\/wp-json\/wp\/v2\/users\/1"}],"replies":[{"embeddable":true,"href":"https:\/\/visitedemarseille.com\/visite\/wp-json\/wp\/v2\/comments?post=3606"}],"version-history":[{"count":18,"href":"https:\/\/visitedemarseille.com\/visite\/wp-json\/wp\/v2\/pages\/3606\/revisions"}],"predecessor-version":[{"id":5429,"href":"https:\/\/visitedemarseille.com\/visite\/wp-json\/wp\/v2\/pages\/3606\/revisions\/5429"}],"wp:attachment":[{"href":"https:\/\/visitedemarseille.com\/visite\/wp-json\/wp\/v2\/media?parent=3606"}],"curies":[{"name":"wp","href":"https:\/\/api.w.org\/{rel}","templated":true}]}}