{"id":3635,"date":"2017-12-08T15:23:47","date_gmt":"2017-12-08T14:23:47","guid":{"rendered":"http:\/\/visitedemarseille.com\/visite\/?page_id=3635"},"modified":"2018-07-03T14:36:28","modified_gmt":"2018-07-03T12:36:28","slug":"estaque-visite-guidee","status":"publish","type":"page","link":"https:\/\/visitedemarseille.com\/visite\/estaque-visite-guidee\/","title":{"rendered":"7- Visite guid\u00e9e de l&rsquo;Estaque : Entre sardines et chefs-d\u2019\u0153uvre"},"content":{"rendered":"<h1 class=\"fw-special-title\">l&rsquo;Estaque<\/h1>\n<p> Sardines et chef-d\u2019\u0153uvres<\/p>\n<h2>C\u00e9zanne, Braque, Durain: naissance de l&rsquo;art moderne<\/h2>\n<p>S\u2019il y a bien une chose qui caract\u00e9rise l\u2019Estaque, c\u2019est l\u2019odeur des sardines grill\u00e9es quand on se prom\u00e8ne sur le Port. Et aussi quelques chefs-d\u2019oeuvre de C\u00e9zanne, Braque, Durain, Renoir\u2026On va \u00e0 l\u2019Estaque pour comprendre l\u2019\u00e9volution d\u2019un paysage. D\u2019abord la petite plage sableuse o\u00f9 l\u2019on amarrait sa barquette, puis l\u2019arriv\u00e9e des usines, des tuileries, des cimenteries, C\u00e9zanne qui peint et Braque qui invente le Cubisme.<\/p>\n<h2>Un petit port unique en son genre<\/h2>\n<p>Les joutes, les chichis, le p\u00e8lerinage de la Nerthe. Marius et Jeannette. Et puis\u2026On vient \u00e0 l\u2019Estaque pour brasser les souvenirs, confronter la r\u00e9alit\u00e9, et se dire qu\u2019au fond, comme le dirait Beaudelaire, L\u2019Estaque n\u2019est plus \u00ab\u00a0ni tout \u00e0 fait la m\u00eame, ni tout \u00e0 fait une autre\u00a0\u00bb.<\/p>\n<p> <a href=\"http:\/\/visitedemarseille.com\/visite\/contact\/\" target=\"_self\" class=\"fw-btn tf-sh-ffd45841c8ee34a1acff27890bb8f49b fw-btn-md fw-btn-side-by-side fw-btn-4\" style=\"\"><br \/>\n R\u00e9servez votre visite<br \/>\n <\/a><\/p>\n<h4>Dur\u00e9e<\/h4>\n<p>Environ 2h30.<\/p>\n<h4>Tarifs<\/h4>\n<p>A partir de 130 EUR (en basse saison, selon le nombre de personnes, individuels ou groupes, etc.)<\/p>\n<p>Les prix sont nets (la TVA n\u2019est pas applicable). Ils n\u2019incluent pas le co\u00fbt de l\u2019entr\u00e9e dans un mus\u00e9e ou une exposition s\u2019il y a lieu, les d\u00e9gustations ou d\u00e9jeuners, les transports ou autres prestations qui pourraient \u00eatre attenantes \u00e0 la visite.<\/p>\n<h4>En circuit<\/h4>\n<p>Si vous avez 1 jour: Rendez-vous \u00e0 l&rsquo;Estaque Gare pour prendre le train vers <a href=\"http:\/\/www.marseilletourisme.fr\/les-calanques\/ensues-redonne\/\" target=\"_blank\" rel=\"noopener\">Ensu\u00e8s-la Redonne<\/a>. D\u00e9paysement assur\u00e9 et promenade en bord de mer jolie jolie.<\/p>\n<p>Si vous avez 2 jours: Continuez votre d\u00e9couverte de <a href=\"http:\/\/visitedemarseille.com\/visite\/provence\/\" target=\"_blank\" rel=\"noopener\">la Provence \u00e0 moins d&rsquo;une heure de Marseille<\/a><\/p>\n<h4>Public<\/h4>\n<p>ParticuliersGroupesScolaires<\/p>\n<h4>Les bonnes adresses<\/h4>\n<p><a href=\"http:\/\/www.hippocampe-marseille.com\/\" target=\"_blank\" rel=\"noopener\">L&rsquo;Hyppocampe<\/a>: Une institution locale \u00e0 ne fr\u00e9quenter qu&rsquo;en semaine (trop d&rsquo;attente le week-end).<\/p>\n<p><a href=\"http:\/\/www.alhambracine.com\/\" target=\"_blank\" rel=\"noopener\">le cin\u00e9ma l&rsquo;Alhambra\u00a0<\/a>: Un cin\u00e9ma mythique qui propose une excellente programmation.<\/p>\n<p><a href=\"https:\/\/www.ensemble-telemaque.com\/\" target=\"_blank\" rel=\"noopener\">Ensemble Pic T\u00e9l\u00e9maque<\/a>: Un laboratoire de cr\u00e9ation de musique contemporaine, qui re\u00e7oit le public lors de spectacles exp\u00e9rimentaux.<\/p>\n<p> <a class=\"fw-block-image-child fw-ratio-4-3 fw-ratio-container\" href=\"\/\/visitedemarseille.com\/visite\/wp-content\/uploads\/2018\/04\/sardines-1468422_640.jpg\" data-rel=\"prettyPhoto\" rel=\"prettyPhoto\"><br \/>\n <img decoding=\"async\" src=\"http:\/\/visitedemarseille.com\/visite\/wp-content\/uploads\/2018\/04\/sardines-1468422_640.jpg\" alt=\"D\u00e9gustation des sardines de l&#039;Estaque\" data-maxdpr=\"1.7\" width=\"300\" class=\"lazyload\" \/> <\/a><br \/>\n <a class=\"fw-block-image-child fw-ratio-4-3 fw-ratio-container\" href=\"\/\/visitedemarseille.com\/visite\/wp-content\/uploads\/2018\/04\/IMG_9583.jpg\" data-rel=\"prettyPhoto\" rel=\"prettyPhoto\"><br \/>\n <img decoding=\"async\" src=\"http:\/\/visitedemarseille.com\/visite\/wp-content\/uploads\/2018\/04\/IMG_9583.jpg\" alt=\"visite guid\u00e9e dans les vestiges industriels de l&#039;Estaque\" data-maxdpr=\"1.7\" width=\"300\" class=\"lazyload\" \/> <\/a><br \/>\n <a class=\"fw-block-image-child fw-ratio-4-3 fw-ratio-container\" href=\"\/\/visitedemarseille.com\/visite\/wp-content\/uploads\/2018\/04\/VISITE-visite-priv\u00e9e-Estaque-2.jpg\" data-rel=\"prettyPhoto\" rel=\"prettyPhoto\"><br \/>\n <img decoding=\"async\" src=\"http:\/\/visitedemarseille.com\/visite\/wp-content\/uploads\/2018\/04\/VISITE-visite-priv\u00e9e-Estaque-2.jpg\" alt=\"Estaque: visite culturelle entre peinture et industries\" data-maxdpr=\"1.7\" width=\"300\" class=\"lazyload\" \/> <\/a><br \/>\n <img decoding=\"async\" src=\"http:\/\/visitedemarseille.com\/visite\/wp-content\/uploads\/2017\/11\/11.png\" alt=\"Comment r\u00e9server votre visite de Marseille ?\" data-maxdpr=\"1.7\" width=\"950\" class=\"lazyload\" \/><br \/>\n <a href=\"http:\/\/visitedemarseille.com\/visite\/contact\/\" target=\"_self\" class=\"fw-btn tf-sh-d699721222e1c337bce46d70e6efc22c fw-btn-md fw-btn-4\" style=\"\"><br \/>\n > R\u00e9servez votre visite<br \/>\n <\/a><\/p>\n<p style=\"text-align: center;\">D\u00e9couvrez une autre facette de Marseille en vous rendant \u00e0 <a href=\"http:\/\/visitedemarseille.com\/visite\/la-plaine-underground\/\" target=\"_blank\" rel=\"noopener\">la Plaine<\/a><\/p>\n<p style=\"text-align: center;\">Retour \u00e0 la <a href=\"http:\/\/visitedemarseille.com\/visite\/\" target=\"_blank\" rel=\"noopener\">page d&rsquo;accueil<\/a><\/p>\n<p><!-- b75c6c1255ba61009563cb26367ff8fa --><\/p>\n","protected":false},"excerpt":{"rendered":"<p>l&rsquo;Estaque Sardines et chef-d\u2019\u0153uvres C\u00e9zanne, Braque, Durain: naissance de l&rsquo;art moderne S\u2019il y a bien une chose qui caract\u00e9rise l\u2019Estaque, c\u2019est l\u2019odeur des sardines grill\u00e9es quand on se prom\u00e8ne sur le Port. Et aussi quelques chefs-d\u2019oeuvre de C\u00e9zanne, Braque, Durain, Renoir\u2026On va \u00e0 l\u2019Estaque pour comprendre l\u2019\u00e9volution d\u2019un paysage. D\u2019abord la petite plage sableuse o\u00f9 [&hellip;]<\/p>\n","protected":false},"author":1,"featured_media":0,"parent":0,"menu_order":0,"comment_status":"closed","ping_status":"closed","template":"visual-builder-template.php","meta":{"_themeisle_gutenberg_block_has_review":false,"footnotes":""},"class_list":["post-3635","page","type-page","status-publish","hentry"],"yoast_head":"<!-- This site is optimized with the Yoast SEO plugin v24.3 - https:\/\/yoast.com\/wordpress\/plugins\/seo\/ -->\n<title>Visite guid\u00e9e de l&#039;Estaque : la naissance de l&#039;art moderne<\/title>\n<meta name=\"description\" content=\"D\u00e9couvrez les paysages qui ont inspir\u00e9 C\u00e9zanne, Braque, Derain, et bien d&#039;autres histoires sur ce petit port unique en son genre, lors d&#039;une visite guid\u00e9e culturelle et conviviale.\" \/>\n<meta name=\"robots\" content=\"index, follow, max-snippet:-1, max-image-preview:large, max-video-preview:-1\" \/>\n<link rel=\"canonical\" href=\"https:\/\/visitedemarseille.com\/visite\/estaque-visite-guidee\/\" \/>\n<meta property=\"og:locale\" content=\"fr_FR\" \/>\n<meta property=\"og:type\" content=\"article\" \/>\n<meta property=\"og:title\" content=\"Visite guid\u00e9e de l&#039;Estaque : la naissance de l&#039;art moderne\" \/>\n<meta property=\"og:description\" content=\"D\u00e9couvrez les paysages qui ont inspir\u00e9 C\u00e9zanne, Braque, Derain, et bien d&#039;autres histoires sur ce petit port unique en son genre, lors d&#039;une visite guid\u00e9e culturelle et conviviale.\" \/>\n<meta property=\"og:url\" content=\"https:\/\/visitedemarseille.com\/visite\/estaque-visite-guidee\/\" \/>\n<meta property=\"og:site_name\" content=\"Visite de Marseille\" \/>\n<meta property=\"article:publisher\" content=\"https:\/\/www.facebook.com\/Visitedemarseille\/\" \/>\n<meta property=\"article:modified_time\" content=\"2018-07-03T12:36:28+00:00\" \/>\n<meta property=\"og:image\" content=\"http:\/\/visitedemarseille.com\/visite\/wp-content\/uploads\/2018\/04\/sardines-1468422_640.jpg\" \/>\n<meta name=\"twitter:card\" content=\"summary_large_image\" \/>\n<meta name=\"twitter:label1\" content=\"Dur\u00e9e de lecture estim\u00e9e\" \/>\n\t<meta name=\"twitter:data1\" content=\"2 minutes\" \/>\n<script type=\"application\/ld+json\" class=\"yoast-schema-graph\">{\"@context\":\"https:\/\/schema.org\",\"@graph\":[{\"@type\":\"WebPage\",\"@id\":\"https:\/\/visitedemarseille.com\/visite\/estaque-visite-guidee\/\",\"url\":\"https:\/\/visitedemarseille.com\/visite\/estaque-visite-guidee\/\",\"name\":\"Visite guid\u00e9e de l'Estaque : la naissance de l'art moderne\",\"isPartOf\":{\"@id\":\"https:\/\/visitedemarseille.com\/visite\/#website\"},\"primaryImageOfPage\":{\"@id\":\"https:\/\/visitedemarseille.com\/visite\/estaque-visite-guidee\/#primaryimage\"},\"image\":{\"@id\":\"https:\/\/visitedemarseille.com\/visite\/estaque-visite-guidee\/#primaryimage\"},\"thumbnailUrl\":\"http:\/\/visitedemarseille.com\/visite\/wp-content\/uploads\/2018\/04\/sardines-1468422_640.jpg\",\"datePublished\":\"2017-12-08T14:23:47+00:00\",\"dateModified\":\"2018-07-03T12:36:28+00:00\",\"description\":\"D\u00e9couvrez les paysages qui ont inspir\u00e9 C\u00e9zanne, Braque, Derain, et bien d'autres histoires sur ce petit port unique en son genre, lors d'une visite guid\u00e9e culturelle et conviviale.\",\"breadcrumb\":{\"@id\":\"https:\/\/visitedemarseille.com\/visite\/estaque-visite-guidee\/#breadcrumb\"},\"inLanguage\":\"fr-FR\",\"potentialAction\":[{\"@type\":\"ReadAction\",\"target\":[\"https:\/\/visitedemarseille.com\/visite\/estaque-visite-guidee\/\"]}]},{\"@type\":\"ImageObject\",\"inLanguage\":\"fr-FR\",\"@id\":\"https:\/\/visitedemarseille.com\/visite\/estaque-visite-guidee\/#primaryimage\",\"url\":\"http:\/\/visitedemarseille.com\/visite\/wp-content\/uploads\/2018\/04\/sardines-1468422_640.jpg\",\"contentUrl\":\"http:\/\/visitedemarseille.com\/visite\/wp-content\/uploads\/2018\/04\/sardines-1468422_640.jpg\"},{\"@type\":\"BreadcrumbList\",\"@id\":\"https:\/\/visitedemarseille.com\/visite\/estaque-visite-guidee\/#breadcrumb\",\"itemListElement\":[{\"@type\":\"ListItem\",\"position\":1,\"name\":\"Accueil\",\"item\":\"https:\/\/visitedemarseille.com\/visite\/\"},{\"@type\":\"ListItem\",\"position\":2,\"name\":\"7- Visite guid\u00e9e de l&rsquo;Estaque : Entre sardines et chefs-d\u2019\u0153uvre\"}]},{\"@type\":\"WebSite\",\"@id\":\"https:\/\/visitedemarseille.com\/visite\/#website\",\"url\":\"https:\/\/visitedemarseille.com\/visite\/\",\"name\":\"Visite de Marseille\",\"description\":\"visites scolaires|conf\u00e9rences Marseillaises| animations seniors\",\"publisher\":{\"@id\":\"https:\/\/visitedemarseille.com\/visite\/#organization\"},\"potentialAction\":[{\"@type\":\"SearchAction\",\"target\":{\"@type\":\"EntryPoint\",\"urlTemplate\":\"https:\/\/visitedemarseille.com\/visite\/?s={search_term_string}\"},\"query-input\":{\"@type\":\"PropertyValueSpecification\",\"valueRequired\":true,\"valueName\":\"search_term_string\"}}],\"inLanguage\":\"fr-FR\"},{\"@type\":\"Organization\",\"@id\":\"https:\/\/visitedemarseille.com\/visite\/#organization\",\"name\":\"Visite de Marseille\",\"url\":\"https:\/\/visitedemarseille.com\/visite\/\",\"logo\":{\"@type\":\"ImageObject\",\"inLanguage\":\"fr-FR\",\"@id\":\"https:\/\/visitedemarseille.com\/visite\/#\/schema\/logo\/image\/\",\"url\":\"https:\/\/visitedemarseille.com\/visite\/wp-content\/uploads\/2022\/10\/3.png\",\"contentUrl\":\"https:\/\/visitedemarseille.com\/visite\/wp-content\/uploads\/2022\/10\/3.png\",\"width\":1200,\"height\":600,\"caption\":\"Visite de Marseille\"},\"image\":{\"@id\":\"https:\/\/visitedemarseille.com\/visite\/#\/schema\/logo\/image\/\"},\"sameAs\":[\"https:\/\/www.facebook.com\/Visitedemarseille\/\"]}]}<\/script>\n<!-- \/ Yoast SEO plugin. -->","yoast_head_json":{"title":"Visite guid\u00e9e de l'Estaque : la naissance de l'art moderne","description":"D\u00e9couvrez les paysages qui ont inspir\u00e9 C\u00e9zanne, Braque, Derain, et bien d'autres histoires sur ce petit port unique en son genre, lors d'une visite guid\u00e9e culturelle et conviviale.","robots":{"index":"index","follow":"follow","max-snippet":"max-snippet:-1","max-image-preview":"max-image-preview:large","max-video-preview":"max-video-preview:-1"},"canonical":"https:\/\/visitedemarseille.com\/visite\/estaque-visite-guidee\/","og_locale":"fr_FR","og_type":"article","og_title":"Visite guid\u00e9e de l'Estaque : la naissance de l'art moderne","og_description":"D\u00e9couvrez les paysages qui ont inspir\u00e9 C\u00e9zanne, Braque, Derain, et bien d'autres histoires sur ce petit port unique en son genre, lors d'une visite guid\u00e9e culturelle et conviviale.","og_url":"https:\/\/visitedemarseille.com\/visite\/estaque-visite-guidee\/","og_site_name":"Visite de Marseille","article_publisher":"https:\/\/www.facebook.com\/Visitedemarseille\/","article_modified_time":"2018-07-03T12:36:28+00:00","og_image":[{"url":"http:\/\/visitedemarseille.com\/visite\/wp-content\/uploads\/2018\/04\/sardines-1468422_640.jpg","type":"","width":"","height":""}],"twitter_card":"summary_large_image","twitter_misc":{"Dur\u00e9e de lecture estim\u00e9e":"2 minutes"},"schema":{"@context":"https:\/\/schema.org","@graph":[{"@type":"WebPage","@id":"https:\/\/visitedemarseille.com\/visite\/estaque-visite-guidee\/","url":"https:\/\/visitedemarseille.com\/visite\/estaque-visite-guidee\/","name":"Visite guid\u00e9e de l'Estaque : la naissance de l'art moderne","isPartOf":{"@id":"https:\/\/visitedemarseille.com\/visite\/#website"},"primaryImageOfPage":{"@id":"https:\/\/visitedemarseille.com\/visite\/estaque-visite-guidee\/#primaryimage"},"image":{"@id":"https:\/\/visitedemarseille.com\/visite\/estaque-visite-guidee\/#primaryimage"},"thumbnailUrl":"http:\/\/visitedemarseille.com\/visite\/wp-content\/uploads\/2018\/04\/sardines-1468422_640.jpg","datePublished":"2017-12-08T14:23:47+00:00","dateModified":"2018-07-03T12:36:28+00:00","description":"D\u00e9couvrez les paysages qui ont inspir\u00e9 C\u00e9zanne, Braque, Derain, et bien d'autres histoires sur ce petit port unique en son genre, lors d'une visite guid\u00e9e culturelle et conviviale.","breadcrumb":{"@id":"https:\/\/visitedemarseille.com\/visite\/estaque-visite-guidee\/#breadcrumb"},"inLanguage":"fr-FR","potentialAction":[{"@type":"ReadAction","target":["https:\/\/visitedemarseille.com\/visite\/estaque-visite-guidee\/"]}]},{"@type":"ImageObject","inLanguage":"fr-FR","@id":"https:\/\/visitedemarseille.com\/visite\/estaque-visite-guidee\/#primaryimage","url":"http:\/\/visitedemarseille.com\/visite\/wp-content\/uploads\/2018\/04\/sardines-1468422_640.jpg","contentUrl":"http:\/\/visitedemarseille.com\/visite\/wp-content\/uploads\/2018\/04\/sardines-1468422_640.jpg"},{"@type":"BreadcrumbList","@id":"https:\/\/visitedemarseille.com\/visite\/estaque-visite-guidee\/#breadcrumb","itemListElement":[{"@type":"ListItem","position":1,"name":"Accueil","item":"https:\/\/visitedemarseille.com\/visite\/"},{"@type":"ListItem","position":2,"name":"7- Visite guid\u00e9e de l&rsquo;Estaque : Entre sardines et chefs-d\u2019\u0153uvre"}]},{"@type":"WebSite","@id":"https:\/\/visitedemarseille.com\/visite\/#website","url":"https:\/\/visitedemarseille.com\/visite\/","name":"Visite de Marseille","description":"visites scolaires|conf\u00e9rences Marseillaises| animations seniors","publisher":{"@id":"https:\/\/visitedemarseille.com\/visite\/#organization"},"potentialAction":[{"@type":"SearchAction","target":{"@type":"EntryPoint","urlTemplate":"https:\/\/visitedemarseille.com\/visite\/?s={search_term_string}"},"query-input":{"@type":"PropertyValueSpecification","valueRequired":true,"valueName":"search_term_string"}}],"inLanguage":"fr-FR"},{"@type":"Organization","@id":"https:\/\/visitedemarseille.com\/visite\/#organization","name":"Visite de Marseille","url":"https:\/\/visitedemarseille.com\/visite\/","logo":{"@type":"ImageObject","inLanguage":"fr-FR","@id":"https:\/\/visitedemarseille.com\/visite\/#\/schema\/logo\/image\/","url":"https:\/\/visitedemarseille.com\/visite\/wp-content\/uploads\/2022\/10\/3.png","contentUrl":"https:\/\/visitedemarseille.com\/visite\/wp-content\/uploads\/2022\/10\/3.png","width":1200,"height":600,"caption":"Visite de Marseille"},"image":{"@id":"https:\/\/visitedemarseille.com\/visite\/#\/schema\/logo\/image\/"},"sameAs":["https:\/\/www.facebook.com\/Visitedemarseille\/"]}]}},"_links":{"self":[{"href":"https:\/\/visitedemarseille.com\/visite\/wp-json\/wp\/v2\/pages\/3635","targetHints":{"allow":["GET"]}}],"collection":[{"href":"https:\/\/visitedemarseille.com\/visite\/wp-json\/wp\/v2\/pages"}],"about":[{"href":"https:\/\/visitedemarseille.com\/visite\/wp-json\/wp\/v2\/types\/page"}],"author":[{"embeddable":true,"href":"https:\/\/visitedemarseille.com\/visite\/wp-json\/wp\/v2\/users\/1"}],"replies":[{"embeddable":true,"href":"https:\/\/visitedemarseille.com\/visite\/wp-json\/wp\/v2\/comments?post=3635"}],"version-history":[{"count":6,"href":"https:\/\/visitedemarseille.com\/visite\/wp-json\/wp\/v2\/pages\/3635\/revisions"}],"predecessor-version":[{"id":5206,"href":"https:\/\/visitedemarseille.com\/visite\/wp-json\/wp\/v2\/pages\/3635\/revisions\/5206"}],"wp:attachment":[{"href":"https:\/\/visitedemarseille.com\/visite\/wp-json\/wp\/v2\/media?parent=3635"}],"curies":[{"name":"wp","href":"https:\/\/api.w.org\/{rel}","templated":true}]}}