{"id":3642,"date":"2018-01-29T14:18:28","date_gmt":"2018-01-29T13:18:28","guid":{"rendered":"http:\/\/visitedemarseille.com\/visite\/?page_id=3642"},"modified":"2018-07-03T14:54:47","modified_gmt":"2018-07-03T12:54:47","slug":"commerces-historiques","status":"publish","type":"page","link":"https:\/\/visitedemarseille.com\/visite\/commerces-historiques\/","title":{"rendered":"9- Commerces historiques du centre-ville"},"content":{"rendered":"<h1 class=\"fw-special-title\">Commerces historiques<\/h1>\n<p> Quel charme peut-on trouver au coeur de ville de Marseille?<\/p>\n<h2>Le charme des vieilles boutiques<\/h2>\n<p>Cette visite guid\u00e9e a quelque chose d&rsquo;un peu d\u00e9cal\u00e9. Comment se rincer l&rsquo;\u0153il dans des lieux historiques tout en faisant accessoirement un peu de shopping ? Langue au chat? Je vous propose un parcours h\u00e9t\u00e9roclite dans les plus vieilles enseignes Marseillaises.Pour les amoureux des beaux livres et de la peinture, les f\u00e9rus de vins et d&rsquo;huile d&rsquo;olive, les dingues de quincaillerie, les fous d&rsquo;\u00e9pices, les banquiers, les gens qui pensent encore que le petit commerce fait l&rsquo;\u00e2me d&rsquo;une ville&#8230;<\/p>\n<p> <a href=\"http:\/\/visitedemarseille.com\/visite\/contact\/\" target=\"_self\" class=\"fw-btn tf-sh-003d2d950b0bf9edbb991e7cf73b23cd fw-btn-md fw-btn-side-by-side fw-btn-4\" style=\"\"><br \/>\n R\u00e9servez votre visite<br \/>\n <\/a><\/p>\n<h4>Dur\u00e9e<\/h4>\n<p>Environ 2h30.<\/p>\n<h4>Tarifs<\/h4>\n<p>A partir de 100 EUR (en basse saison, selon le nombre de personnes, individuels ou groupes, etc.)<\/p>\n<p>Les prix sont nets (la TVA n\u2019est pas applicable). Ils n\u2019incluent pas le co\u00fbt de l\u2019entr\u00e9e dans un mus\u00e9e ou une exposition s\u2019il y a lieu, les d\u00e9gustations ou d\u00e9jeuners, les transports ou autres prestations qui pourraient \u00eatre attenantes \u00e0 la visite. <\/p>\n<h4>En circuit<\/h4>\n<p>Si vous avez 1 jour: continuez la d\u00e9couverte de la Ville en empruntant le tramway direction <a href=\"http:\/\/visitedemarseille.com\/visite\/architecture-euromediterranee\/\" target=\"_blank\" rel=\"noopener\">Joliette<\/a>. Le contraste est saisissant! Vous vous retrouverez dans le quartier hype de Marseille, avec \u00e9galement de belles boutiques. Une visite au <a href=\"https:\/\/www.fracpaca.org\/\" target=\"_blank\" rel=\"noopener\">Frac<\/a> s&rsquo;impose (pour l&rsquo;architecture).<\/p>\n<p>Si vous avez 2 jours: Prenez le large le lendemain et respirez un grand bol d&rsquo;air aux <a href=\"http:\/\/visitedemarseille.com\/visite\/frioul-matinee-bout-du-monde\/\" target=\"_blank\" rel=\"noopener\">\u00eeles du Frioul<\/a> avec votre guide!<\/p>\n<h4>Public<\/h4>\n<p>ParticuliersPetits groupes (max 8 pers.)<\/p>\n<h4>Les bonnes adresses<\/h4>\n<p><a href=\"https:\/\/www.facebook.com\/Brasserie-des-Templiers-209352542451580\/\" target=\"_blank\" rel=\"noopener\">Le Coq Gourmand\u00a0<\/a>: Vous serez accueillis par Claudine, qui a la passion des bonnes choses. Ne ratez pas ses caves du XVIII\u00e8me!<\/p>\n<p><a href=\"http:\/\/www.empereur.fr\/\" target=\"_blank\" rel=\"noopener\">Maison Empereur <\/a>: la plus vieille quincaillerie de France date de 1837. On s&rsquo;y rend pour trouver ce que l&rsquo;on n&rsquo;a pas trouv\u00e9 ailleurs&#8230;<\/p>\n<p><a href=\"http:\/\/noailles.com\/nos-magasins-page-3.html\" target=\"_blank\" rel=\"noopener\">Torr\u00e9faction Noailles<\/a>: pour boire un petit caf\u00e9 au zinc, avec les Marseillais. 56, la Canebi\u00e8re.<\/p>\n<p> <a class=\"fw-block-image-child fw-ratio-4-3 fw-ratio-container\" href=\"\/\/visitedemarseille.com\/visite\/wp-content\/uploads\/2018\/04\/IMG_20171207_145117_388.jpg\" data-rel=\"prettyPhoto\" rel=\"prettyPhoto\"><br \/>\n <img decoding=\"async\" src=\"http:\/\/visitedemarseille.com\/visite\/wp-content\/uploads\/2018\/04\/IMG_20171207_145117_388.jpg\" alt=\"visite guid\u00e9e chez l&#039;Empereur\" data-maxdpr=\"1.7\" width=\"300\" class=\"lazyload\" \/> <\/a><br \/>\n <a class=\"fw-block-image-child fw-ratio-4-3 fw-ratio-container\" href=\"\/\/visitedemarseille.com\/visite\/wp-content\/uploads\/2018\/04\/galerie-yann-letestu.jpg\" data-rel=\"prettyPhoto\" rel=\"prettyPhoto\"><br \/>\n <img decoding=\"async\" src=\"http:\/\/visitedemarseille.com\/visite\/wp-content\/uploads\/2018\/04\/galerie-yann-letestu.jpg\" alt=\"visite guid\u00e9e dans les commerces du centre-ville\" data-maxdpr=\"1.7\" width=\"300\" class=\"lazyload\" \/> <\/a><br \/>\n <a class=\"fw-block-image-child fw-ratio-4-3 fw-ratio-container\" href=\"\/\/visitedemarseille.com\/visite\/wp-content\/uploads\/2018\/04\/les-arcenaulx.jpg\" data-rel=\"prettyPhoto\" rel=\"prettyPhoto\"><br \/>\n <img decoding=\"async\" src=\"http:\/\/visitedemarseille.com\/visite\/wp-content\/uploads\/2018\/04\/les-arcenaulx.jpg\" alt=\"Editions Jeanne Laffitte \u00e0 Marseille\" data-maxdpr=\"1.7\" width=\"300\" class=\"lazyload\" \/> <\/a><br \/>\n <img decoding=\"async\" src=\"http:\/\/visitedemarseille.com\/visite\/wp-content\/uploads\/2017\/11\/11.png\" alt=\"Comment r\u00e9server votre visite de Marseille ?\" data-maxdpr=\"1.7\" width=\"950\" class=\"lazyload\" \/><br \/>\n <a href=\"http:\/\/visitedemarseille.com\/visite\/contact\/\" target=\"_self\" class=\"fw-btn tf-sh-963d917f61f8cb54a5be80a32d45b730 fw-btn-md fw-btn-4\" style=\"\"><br \/>\n > R\u00e9servez votre visite<br \/>\n <\/a><\/p>\n<p style=\"text-align: center;\">Profitez des charmes de la ville en vous d\u00e9placant en <a href=\"http:\/\/visitedemarseille.com\/visite\/se-deplacer-dans-marseille\/\" target=\"_blank\" rel=\"noopener\">transports en commun<\/a><\/p>\n<p style=\"text-align: center;\">Retour au <a href=\"http:\/\/visitedemarseille.com\/visite\/nosvisites\/\" target=\"_blank\" rel=\"noopener\">catalogue des visites<\/a> ou \u00e0 la <a href=\"http:\/\/visitedemarseille.com\/visite\/\" target=\"_blank\" rel=\"noopener\">page d&rsquo;accueil<\/a><\/p>\n<p><!-- a3671d08749789da07ba6e8bb051df00 --><\/p>\n","protected":false},"excerpt":{"rendered":"<p>Commerces historiques Quel charme peut-on trouver au coeur de ville de Marseille? Le charme des vieilles boutiques Cette visite guid\u00e9e a quelque chose d&rsquo;un peu d\u00e9cal\u00e9. Comment se rincer l&rsquo;\u0153il dans des lieux historiques tout en faisant accessoirement un peu de shopping ? Langue au chat? Je vous propose un parcours h\u00e9t\u00e9roclite dans les plus [&hellip;]<\/p>\n","protected":false},"author":1,"featured_media":0,"parent":0,"menu_order":0,"comment_status":"closed","ping_status":"closed","template":"visual-builder-template.php","meta":{"_themeisle_gutenberg_block_has_review":false,"footnotes":""},"class_list":["post-3642","page","type-page","status-publish","hentry"],"yoast_head":"<!-- This site is optimized with the Yoast SEO plugin v24.3 - https:\/\/yoast.com\/wordpress\/plugins\/seo\/ -->\n<title>Marseille: Visite guid\u00e9e des commerces historiques du centre-ville<\/title>\n<meta name=\"description\" content=\"Commerces historiques et shopping. Tout un programme! Je vous propose un parcours h\u00e9t\u00e9roclite dans les enseignes Marseillaises. Une visite guid\u00e9e insolite!\" \/>\n<meta name=\"robots\" content=\"index, follow, max-snippet:-1, max-image-preview:large, max-video-preview:-1\" \/>\n<link rel=\"canonical\" href=\"https:\/\/visitedemarseille.com\/visite\/commerces-historiques\/\" \/>\n<meta property=\"og:locale\" content=\"fr_FR\" \/>\n<meta property=\"og:type\" content=\"article\" \/>\n<meta property=\"og:title\" content=\"Marseille: Visite guid\u00e9e des commerces historiques du centre-ville\" \/>\n<meta property=\"og:description\" content=\"Commerces historiques et shopping. Tout un programme! Je vous propose un parcours h\u00e9t\u00e9roclite dans les enseignes Marseillaises. Une visite guid\u00e9e insolite!\" \/>\n<meta property=\"og:url\" content=\"https:\/\/visitedemarseille.com\/visite\/commerces-historiques\/\" \/>\n<meta property=\"og:site_name\" content=\"Visite de Marseille\" \/>\n<meta property=\"article:publisher\" content=\"https:\/\/www.facebook.com\/Visitedemarseille\/\" \/>\n<meta property=\"article:modified_time\" content=\"2018-07-03T12:54:47+00:00\" \/>\n<meta property=\"og:image\" content=\"http:\/\/visitedemarseille.com\/visite\/wp-content\/uploads\/2018\/04\/IMG_20171207_145117_388.jpg\" \/>\n<meta name=\"twitter:card\" content=\"summary_large_image\" \/>\n<meta name=\"twitter:label1\" content=\"Dur\u00e9e de lecture estim\u00e9e\" \/>\n\t<meta name=\"twitter:data1\" content=\"2 minutes\" \/>\n<script type=\"application\/ld+json\" class=\"yoast-schema-graph\">{\"@context\":\"https:\/\/schema.org\",\"@graph\":[{\"@type\":\"WebPage\",\"@id\":\"https:\/\/visitedemarseille.com\/visite\/commerces-historiques\/\",\"url\":\"https:\/\/visitedemarseille.com\/visite\/commerces-historiques\/\",\"name\":\"Marseille: Visite guid\u00e9e des commerces historiques du centre-ville\",\"isPartOf\":{\"@id\":\"https:\/\/visitedemarseille.com\/visite\/#website\"},\"primaryImageOfPage\":{\"@id\":\"https:\/\/visitedemarseille.com\/visite\/commerces-historiques\/#primaryimage\"},\"image\":{\"@id\":\"https:\/\/visitedemarseille.com\/visite\/commerces-historiques\/#primaryimage\"},\"thumbnailUrl\":\"http:\/\/visitedemarseille.com\/visite\/wp-content\/uploads\/2018\/04\/IMG_20171207_145117_388.jpg\",\"datePublished\":\"2018-01-29T13:18:28+00:00\",\"dateModified\":\"2018-07-03T12:54:47+00:00\",\"description\":\"Commerces historiques et shopping. Tout un programme! Je vous propose un parcours h\u00e9t\u00e9roclite dans les enseignes Marseillaises. Une visite guid\u00e9e insolite!\",\"breadcrumb\":{\"@id\":\"https:\/\/visitedemarseille.com\/visite\/commerces-historiques\/#breadcrumb\"},\"inLanguage\":\"fr-FR\",\"potentialAction\":[{\"@type\":\"ReadAction\",\"target\":[\"https:\/\/visitedemarseille.com\/visite\/commerces-historiques\/\"]}]},{\"@type\":\"ImageObject\",\"inLanguage\":\"fr-FR\",\"@id\":\"https:\/\/visitedemarseille.com\/visite\/commerces-historiques\/#primaryimage\",\"url\":\"http:\/\/visitedemarseille.com\/visite\/wp-content\/uploads\/2018\/04\/IMG_20171207_145117_388.jpg\",\"contentUrl\":\"http:\/\/visitedemarseille.com\/visite\/wp-content\/uploads\/2018\/04\/IMG_20171207_145117_388.jpg\"},{\"@type\":\"BreadcrumbList\",\"@id\":\"https:\/\/visitedemarseille.com\/visite\/commerces-historiques\/#breadcrumb\",\"itemListElement\":[{\"@type\":\"ListItem\",\"position\":1,\"name\":\"Accueil\",\"item\":\"https:\/\/visitedemarseille.com\/visite\/\"},{\"@type\":\"ListItem\",\"position\":2,\"name\":\"9- Commerces historiques du centre-ville\"}]},{\"@type\":\"WebSite\",\"@id\":\"https:\/\/visitedemarseille.com\/visite\/#website\",\"url\":\"https:\/\/visitedemarseille.com\/visite\/\",\"name\":\"Visite de Marseille\",\"description\":\"visites scolaires|conf\u00e9rences Marseillaises| animations seniors\",\"publisher\":{\"@id\":\"https:\/\/visitedemarseille.com\/visite\/#organization\"},\"potentialAction\":[{\"@type\":\"SearchAction\",\"target\":{\"@type\":\"EntryPoint\",\"urlTemplate\":\"https:\/\/visitedemarseille.com\/visite\/?s={search_term_string}\"},\"query-input\":{\"@type\":\"PropertyValueSpecification\",\"valueRequired\":true,\"valueName\":\"search_term_string\"}}],\"inLanguage\":\"fr-FR\"},{\"@type\":\"Organization\",\"@id\":\"https:\/\/visitedemarseille.com\/visite\/#organization\",\"name\":\"Visite de Marseille\",\"url\":\"https:\/\/visitedemarseille.com\/visite\/\",\"logo\":{\"@type\":\"ImageObject\",\"inLanguage\":\"fr-FR\",\"@id\":\"https:\/\/visitedemarseille.com\/visite\/#\/schema\/logo\/image\/\",\"url\":\"https:\/\/visitedemarseille.com\/visite\/wp-content\/uploads\/2022\/10\/3.png\",\"contentUrl\":\"https:\/\/visitedemarseille.com\/visite\/wp-content\/uploads\/2022\/10\/3.png\",\"width\":1200,\"height\":600,\"caption\":\"Visite de Marseille\"},\"image\":{\"@id\":\"https:\/\/visitedemarseille.com\/visite\/#\/schema\/logo\/image\/\"},\"sameAs\":[\"https:\/\/www.facebook.com\/Visitedemarseille\/\"]}]}<\/script>\n<!-- \/ Yoast SEO plugin. -->","yoast_head_json":{"title":"Marseille: Visite guid\u00e9e des commerces historiques du centre-ville","description":"Commerces historiques et shopping. Tout un programme! Je vous propose un parcours h\u00e9t\u00e9roclite dans les enseignes Marseillaises. Une visite guid\u00e9e insolite!","robots":{"index":"index","follow":"follow","max-snippet":"max-snippet:-1","max-image-preview":"max-image-preview:large","max-video-preview":"max-video-preview:-1"},"canonical":"https:\/\/visitedemarseille.com\/visite\/commerces-historiques\/","og_locale":"fr_FR","og_type":"article","og_title":"Marseille: Visite guid\u00e9e des commerces historiques du centre-ville","og_description":"Commerces historiques et shopping. Tout un programme! Je vous propose un parcours h\u00e9t\u00e9roclite dans les enseignes Marseillaises. Une visite guid\u00e9e insolite!","og_url":"https:\/\/visitedemarseille.com\/visite\/commerces-historiques\/","og_site_name":"Visite de Marseille","article_publisher":"https:\/\/www.facebook.com\/Visitedemarseille\/","article_modified_time":"2018-07-03T12:54:47+00:00","og_image":[{"url":"http:\/\/visitedemarseille.com\/visite\/wp-content\/uploads\/2018\/04\/IMG_20171207_145117_388.jpg","type":"","width":"","height":""}],"twitter_card":"summary_large_image","twitter_misc":{"Dur\u00e9e de lecture estim\u00e9e":"2 minutes"},"schema":{"@context":"https:\/\/schema.org","@graph":[{"@type":"WebPage","@id":"https:\/\/visitedemarseille.com\/visite\/commerces-historiques\/","url":"https:\/\/visitedemarseille.com\/visite\/commerces-historiques\/","name":"Marseille: Visite guid\u00e9e des commerces historiques du centre-ville","isPartOf":{"@id":"https:\/\/visitedemarseille.com\/visite\/#website"},"primaryImageOfPage":{"@id":"https:\/\/visitedemarseille.com\/visite\/commerces-historiques\/#primaryimage"},"image":{"@id":"https:\/\/visitedemarseille.com\/visite\/commerces-historiques\/#primaryimage"},"thumbnailUrl":"http:\/\/visitedemarseille.com\/visite\/wp-content\/uploads\/2018\/04\/IMG_20171207_145117_388.jpg","datePublished":"2018-01-29T13:18:28+00:00","dateModified":"2018-07-03T12:54:47+00:00","description":"Commerces historiques et shopping. Tout un programme! Je vous propose un parcours h\u00e9t\u00e9roclite dans les enseignes Marseillaises. Une visite guid\u00e9e insolite!","breadcrumb":{"@id":"https:\/\/visitedemarseille.com\/visite\/commerces-historiques\/#breadcrumb"},"inLanguage":"fr-FR","potentialAction":[{"@type":"ReadAction","target":["https:\/\/visitedemarseille.com\/visite\/commerces-historiques\/"]}]},{"@type":"ImageObject","inLanguage":"fr-FR","@id":"https:\/\/visitedemarseille.com\/visite\/commerces-historiques\/#primaryimage","url":"http:\/\/visitedemarseille.com\/visite\/wp-content\/uploads\/2018\/04\/IMG_20171207_145117_388.jpg","contentUrl":"http:\/\/visitedemarseille.com\/visite\/wp-content\/uploads\/2018\/04\/IMG_20171207_145117_388.jpg"},{"@type":"BreadcrumbList","@id":"https:\/\/visitedemarseille.com\/visite\/commerces-historiques\/#breadcrumb","itemListElement":[{"@type":"ListItem","position":1,"name":"Accueil","item":"https:\/\/visitedemarseille.com\/visite\/"},{"@type":"ListItem","position":2,"name":"9- Commerces historiques du centre-ville"}]},{"@type":"WebSite","@id":"https:\/\/visitedemarseille.com\/visite\/#website","url":"https:\/\/visitedemarseille.com\/visite\/","name":"Visite de Marseille","description":"visites scolaires|conf\u00e9rences Marseillaises| animations seniors","publisher":{"@id":"https:\/\/visitedemarseille.com\/visite\/#organization"},"potentialAction":[{"@type":"SearchAction","target":{"@type":"EntryPoint","urlTemplate":"https:\/\/visitedemarseille.com\/visite\/?s={search_term_string}"},"query-input":{"@type":"PropertyValueSpecification","valueRequired":true,"valueName":"search_term_string"}}],"inLanguage":"fr-FR"},{"@type":"Organization","@id":"https:\/\/visitedemarseille.com\/visite\/#organization","name":"Visite de Marseille","url":"https:\/\/visitedemarseille.com\/visite\/","logo":{"@type":"ImageObject","inLanguage":"fr-FR","@id":"https:\/\/visitedemarseille.com\/visite\/#\/schema\/logo\/image\/","url":"https:\/\/visitedemarseille.com\/visite\/wp-content\/uploads\/2022\/10\/3.png","contentUrl":"https:\/\/visitedemarseille.com\/visite\/wp-content\/uploads\/2022\/10\/3.png","width":1200,"height":600,"caption":"Visite de Marseille"},"image":{"@id":"https:\/\/visitedemarseille.com\/visite\/#\/schema\/logo\/image\/"},"sameAs":["https:\/\/www.facebook.com\/Visitedemarseille\/"]}]}},"_links":{"self":[{"href":"https:\/\/visitedemarseille.com\/visite\/wp-json\/wp\/v2\/pages\/3642","targetHints":{"allow":["GET"]}}],"collection":[{"href":"https:\/\/visitedemarseille.com\/visite\/wp-json\/wp\/v2\/pages"}],"about":[{"href":"https:\/\/visitedemarseille.com\/visite\/wp-json\/wp\/v2\/types\/page"}],"author":[{"embeddable":true,"href":"https:\/\/visitedemarseille.com\/visite\/wp-json\/wp\/v2\/users\/1"}],"replies":[{"embeddable":true,"href":"https:\/\/visitedemarseille.com\/visite\/wp-json\/wp\/v2\/comments?post=3642"}],"version-history":[{"count":13,"href":"https:\/\/visitedemarseille.com\/visite\/wp-json\/wp\/v2\/pages\/3642\/revisions"}],"predecessor-version":[{"id":5210,"href":"https:\/\/visitedemarseille.com\/visite\/wp-json\/wp\/v2\/pages\/3642\/revisions\/5210"}],"wp:attachment":[{"href":"https:\/\/visitedemarseille.com\/visite\/wp-json\/wp\/v2\/media?parent=3642"}],"curies":[{"name":"wp","href":"https:\/\/api.w.org\/{rel}","templated":true}]}}