{"id":3663,"date":"2018-01-29T15:50:13","date_gmt":"2018-01-29T14:50:13","guid":{"rendered":"http:\/\/visitedemarseille.com\/visite\/?page_id=3663"},"modified":"2018-07-02T11:42:31","modified_gmt":"2018-07-02T09:42:31","slug":"chateau-borely","status":"publish","type":"page","link":"https:\/\/visitedemarseille.com\/visite\/chateau-borely\/","title":{"rendered":"12-Ch\u00e2teau Bor\u00e9ly"},"content":{"rendered":"<h1 class=\"fw-special-title\">La vie de ch\u00e2teau \u00e0 Bor\u00e9ly<\/h1>\n<p> Entrez dans la bastide de grands n\u00e9gociants du 18\u00e8me si\u00e8cle<\/p>\n<p><img decoding=\"async\" style=\"font-size: 16px;\" title=\"Lire la suite\u2026\" src=\"http:\/\/www.visitedemarseille.com\/wp-includes\/js\/tinymce\/plugins\/wordpress\/img\/trans.gif\" alt=\"\" \/>Une visite guid\u00e9e du Ch\u00e2teau Bor\u00e9ly est l&rsquo;occasion de d\u00e9couvrir cette ancienne bastide, la plus grande d\u2019entre toutes, qui n\u2019a quasiment pas \u00a0souffert de destruction \u00e0 la R\u00e9volution Fran\u00e7aise. \u00a0Enti\u00e8rement restaur\u00e9e r\u00e9cemment, elle constitue un\u00a0t\u00e9moignage exceptionnel des go\u00fbts et usages dans un grand port de\u00a0commerce au XVIII\u00e8me si\u00e8cle.\u00a0<\/p>\n<h2>Des collections de fa\u00efence Marseillaise aux chefs d\u2019oeuvres de Th\u00e9odore Deck<\/h2>\n<p>La mus\u00e9ographie a \u00e9t\u00e9 enti\u00e8rement\u00a0repens\u00e9e et le mus\u00e9e a rouvert ses portes en 2013, dans sa version\u00a0r\u00e9nov\u00e9e et contemporaine. Il\u00a0abrite les collections\u00a0de fa\u00efence et de porcelaine des manufactures Marseillaises de l\u2019\u00e9poque. . A l\u2019\u00e9tage, dans l\u2019ancienne chambre de Madame Bor\u00e9ly, d\u2019autres m\u00e9c\u00e8nes Marseillais ont fait don de leur collection exceptionnelle de c\u00e9ramiques issues de l\u2019atelier de Th\u00e9odore Deck.<\/p>\n<h2>Un mus\u00e9e des arts d\u00e9coratifs et de la mode ouvert sur le XXI\u00e8me si\u00e8cle<\/h2>\n<p>La conservatrice du mus\u00e9e\u00a0<a href=\"http:\/\/www.rubigo.fr\/films-musee-borely-ville-de-marseille\/\">Christine Germain Donnat<\/a>\u00a0a su insuffler \u00e0 cet \u00e9crin classique, un air parfaitement contemporain. Le mariage d\u2019\u0153uvres in\u00e9dites, produites pour le ch\u00e2teau, de jeunes designers et artistes, avec le d\u00e9cor d\u2019\u00e9poque est une v\u00e9ritable r\u00e9ussite. Un tour de ma\u00eetre qu\u2019aurait sans doute appr\u00e9ci\u00e9 Louis-Joseph Bor\u00e9ly, grand m\u00e9c\u00e8ne de l\u2019art de son temps.<\/p>\n<p> <a href=\"http:\/\/visitedemarseille.com\/visite\/contact\/\" target=\"_self\" class=\"fw-btn tf-sh-0a0b99f76ec6130b0b2765995bfb3565 fw-btn-md fw-btn-side-by-side fw-btn-4\" style=\"\"><br \/>\n R\u00e9servez votre visite<br \/>\n <\/a><\/p>\n<h4>Dur\u00e9e<\/h4>\n<p>Environ 2h30.<\/p>\n<h4>Tarifs<\/h4>\n<p> A partir de 130 EUR (en basse saison, selon le nombre de personnes, individuels ou groupes, etc.)<\/p>\n<p>Les prix sont nets (la TVA n\u2019est pas applicable). Ils n\u2019incluent pas le co\u00fbt de l\u2019entr\u00e9e dans un mus\u00e9e ou une exposition s\u2019il y a lieu, les d\u00e9gustations ou d\u00e9jeuners, les transports ou autres prestations qui pourraient \u00eatre attenantes \u00e0 la visite.<\/p>\n<p>Co\u00fbts suppl\u00e9mentaires :<\/p>\n<p>\u2022Droit de parole pour les groupes: 25 EUR Pr<\/p>\n<p>\u2022Pr\u00e9voir le prix d\u2019un billet d\u2019entr\u00e9e au mus\u00e9e\u2022 Plein tarif : 5 \u20ac\u2022 Tarif r\u00e9duit 13-25 ans : 3\u20ac\u2022 Gratuit\u00e9 : 13 ans, Rmistes, Demandeurs d\u2019emploi, Presse et I.CO.M (sur pr\u00e9sentation de la carte), Handicap\u00e9s.<\/p>\n<h4>En circuit<\/h4>\n<p>Si vous avez 1 ou 2 heures suppl\u00e9mentaires: La visite sera suivie d\u2019une br\u00e8ve d\u00e9couverte du Parc Bor\u00e9ly, dans\u00a0lequel il est possible de pique-niquer avec d\u2019excellents produits Marseillais. (Me demander pour l\u2019achat des denr\u00e9es !).<\/p>\n<p>Si vous avez encore plus de temps: non loin se trouve la <a href=\"http:\/\/visitedemarseille.com\/visite\/decouvrez-la-cite-radieuse\/\" target=\"_blank\" rel=\"noopener\">Cit\u00e9 Radieuse<\/a> que l&rsquo;on peut rejoindre \u00e0 pied. Un monument qui fait partie de l&rsquo;histoire de l&rsquo;architecture contemporaine.<\/p>\n<p>Si vous avez 1 jour: continuez la d\u00e9couverte de la Ville avec <a href=\"http:\/\/visitedemarseille.com\/visite\/traversee-de-la-ville\/\" target=\"_blank\" rel=\"noopener\">la Belle de Mai et la Joliette<\/a>, 2 quartiers faisant partie du grand projet de r\u00e9novation urbaine <a href=\"http:\/\/visitedemarseille.com\/visite\/architecture-euromediterranee\/\" target=\"_blank\" rel=\"noopener\">Eurom\u00e9diterran\u00e9e<\/a>.<\/p>\n<p>Si vous avez 2 jours: Continuez la d\u00e9couverte des quartiers Suds en allant randonner dans les calanques au d\u00e9part de <a href=\"http:\/\/www.calanques13.com\/luminy.html\" target=\"_blank\" rel=\"noopener\">Luminy.<\/a><\/p>\n<h4>Public<\/h4>\n<p>ParticuliersGroupesVisite malheureusement non accessible<\/p>\n<h4>Les bonnes adresses<\/h4>\n<p><a href=\"https:\/\/www.cafeborely.fr\/\" target=\"_blank\" rel=\"noopener\">Le caf\u00e9 Bor\u00e9ly&nbsp;<\/a>: une bonne brasserie dans l&rsquo;enceinte du parc. R\u00e9servez le week-end, les marseillais branch\u00e9s l&rsquo;adorent.<\/p>\n<p>kiosque \u00e0 churros: parfois \u00e0 l&rsquo;entr\u00e9e du parc, parfois en face de la statue du David.<\/p>\n<p><a href=\"https:\/\/escale-borely-marseille.com\/\" target=\"_blank\" rel=\"noopener\">l&rsquo;Escale Bor\u00e9ly<\/a> : alors l\u00e0, il y en a pour tous les go\u00fbts. Glaces, Barbe \u00e0 papa, restaurants (pas tr\u00e8s bons), carrousel, trampolines, bref, c&rsquo;est le rendez-vous des Marseillais d\u00e8s qu&rsquo;il fait beau. Traversez direction la mer. Longez la plage d&rsquo;Epluchure beach (o\u00f9 l&rsquo;on surfe par vent d&rsquo;Est). Vous y \u00eates.<\/p>\n<p> <a class=\"fw-block-image-child fw-ratio-4-3 fw-ratio-container\" href=\"\/\/visitedemarseille.com\/visite\/wp-content\/uploads\/2018\/04\/IMG_1696.jpg\" data-rel=\"prettyPhoto\" rel=\"prettyPhoto\"><br \/>\n <img decoding=\"async\" src=\"http:\/\/visitedemarseille.com\/visite\/wp-content\/uploads\/2018\/04\/IMG_1696.jpg\" alt=\"le ch\u00e2teau Bor\u00e9ly, la salle \u00e0 manger\" data-maxdpr=\"1.7\" width=\"300\" class=\"lazyload\" \/> <\/a><br \/>\n <a class=\"fw-block-image-child fw-noratio fw-ratio-container\" href=\"\/\/visitedemarseille.com\/visite\/wp-content\/uploads\/2018\/04\/Borely.jpg\" data-rel=\"prettyPhoto\" rel=\"prettyPhoto\"><br \/>\n <img decoding=\"async\" src=\"http:\/\/visitedemarseille.com\/visite\/wp-content\/uploads\/2018\/04\/Borely.jpg\" alt=\"visite guid\u00e9e du ch\u00e2teau Bor\u00e9ly\" data-maxdpr=\"1.7\" width=\"300\" class=\"lazyload\" \/> <\/a><br \/>\n <a class=\"fw-block-image-child fw-ratio-4-3 fw-ratio-container\" href=\"\/\/visitedemarseille.com\/visite\/wp-content\/uploads\/2018\/04\/parc_borely.jpg\" data-rel=\"prettyPhoto\" rel=\"prettyPhoto\"><br \/>\n <img decoding=\"async\" src=\"http:\/\/visitedemarseille.com\/visite\/wp-content\/uploads\/2018\/04\/parc_borely.jpg\" alt=\"Visite guid\u00e9e du ch\u00e2teau Bor\u00e9ly et de son parc\" data-maxdpr=\"1.7\" width=\"300\" class=\"lazyload\" \/> <\/a><br \/>\n <img decoding=\"async\" src=\"http:\/\/visitedemarseille.com\/visite\/wp-content\/uploads\/2017\/11\/11.png\" alt=\"Comment r\u00e9server votre visite de Marseille ?\" data-maxdpr=\"1.7\" width=\"950\" class=\"lazyload\" \/><br \/>\n <a href=\"http:\/\/visitedemarseille.com\/visite\/contact\/\" target=\"_self\" class=\"fw-btn tf-sh-0684bcf958acadeb55e7d9fbe5b581a3 fw-btn-md fw-btn-4\" style=\"\"><br \/>\n > R\u00e9servez votre visite<br \/>\n <\/a><\/p>\n<p style=\"text-align: center;\">Retour au <a style=\"color: #333333;\" href=\"http:\/\/visitedemarseille.com\/visite\/nosvisites\/\" target=\"_blank\" rel=\"noopener\">catalogue des visites<\/a> ou \u00e0 la <a style=\"color: #333333;\" href=\"http:\/\/visitedemarseille.com\/visite\/\" target=\"_blank\" rel=\"noopener\">page d&rsquo;accueil<\/a><\/p>\n<p><!-- dbf582574bc4287f3baae8a064005d78 --><\/p>\n","protected":false},"excerpt":{"rendered":"<p>La vie de ch\u00e2teau \u00e0 Bor\u00e9ly Entrez dans la bastide de grands n\u00e9gociants du 18\u00e8me si\u00e8cle Une visite guid\u00e9e du Ch\u00e2teau Bor\u00e9ly est l&rsquo;occasion de d\u00e9couvrir cette ancienne bastide, la plus grande d\u2019entre toutes, qui n\u2019a quasiment pas \u00a0souffert de destruction \u00e0 la R\u00e9volution Fran\u00e7aise. \u00a0Enti\u00e8rement restaur\u00e9e r\u00e9cemment, elle constitue un\u00a0t\u00e9moignage exceptionnel des go\u00fbts et [&hellip;]<\/p>\n","protected":false},"author":1,"featured_media":0,"parent":0,"menu_order":0,"comment_status":"closed","ping_status":"closed","template":"visual-builder-template.php","meta":{"_themeisle_gutenberg_block_has_review":false,"footnotes":""},"class_list":["post-3663","page","type-page","status-publish","hentry"],"yoast_head":"<!-- This site is optimized with the Yoast SEO plugin v24.3 - https:\/\/yoast.com\/wordpress\/plugins\/seo\/ -->\n<title>Visite guid\u00e9e du Ch\u00e2teau Bor\u00e9ly- visitedemarseille.com<\/title>\n<meta name=\"description\" content=\"Visite guid\u00e9e du Ch\u00e2teau Bor\u00e9ly avec Justine Coste: entrez dans l&#039;univers artistique et culturel d&#039;une grande famille de n\u00e9gociants au 18\u00e8me si\u00e8cle \u00e0 Marseille.\" \/>\n<meta name=\"robots\" content=\"index, follow, max-snippet:-1, max-image-preview:large, max-video-preview:-1\" \/>\n<link rel=\"canonical\" href=\"https:\/\/visitedemarseille.com\/visite\/chateau-borely\/\" \/>\n<meta property=\"og:locale\" content=\"fr_FR\" \/>\n<meta property=\"og:type\" content=\"article\" \/>\n<meta property=\"og:title\" content=\"Visite guid\u00e9e du Ch\u00e2teau Bor\u00e9ly- visitedemarseille.com\" \/>\n<meta property=\"og:description\" content=\"Visite guid\u00e9e du Ch\u00e2teau Bor\u00e9ly avec Justine Coste: entrez dans l&#039;univers artistique et culturel d&#039;une grande famille de n\u00e9gociants au 18\u00e8me si\u00e8cle \u00e0 Marseille.\" \/>\n<meta property=\"og:url\" content=\"https:\/\/visitedemarseille.com\/visite\/chateau-borely\/\" \/>\n<meta property=\"og:site_name\" content=\"Visite de Marseille\" \/>\n<meta property=\"article:publisher\" content=\"https:\/\/www.facebook.com\/Visitedemarseille\/\" \/>\n<meta property=\"article:modified_time\" content=\"2018-07-02T09:42:31+00:00\" \/>\n<meta property=\"og:image\" content=\"http:\/\/www.visitedemarseille.com\/wp-includes\/js\/tinymce\/plugins\/wordpress\/img\/trans.gif\" \/>\n<meta name=\"twitter:card\" content=\"summary_large_image\" \/>\n<meta name=\"twitter:label1\" content=\"Dur\u00e9e de lecture estim\u00e9e\" \/>\n\t<meta name=\"twitter:data1\" content=\"3 minutes\" \/>\n<script type=\"application\/ld+json\" class=\"yoast-schema-graph\">{\"@context\":\"https:\/\/schema.org\",\"@graph\":[{\"@type\":\"WebPage\",\"@id\":\"https:\/\/visitedemarseille.com\/visite\/chateau-borely\/\",\"url\":\"https:\/\/visitedemarseille.com\/visite\/chateau-borely\/\",\"name\":\"Visite guid\u00e9e du Ch\u00e2teau Bor\u00e9ly- visitedemarseille.com\",\"isPartOf\":{\"@id\":\"https:\/\/visitedemarseille.com\/visite\/#website\"},\"primaryImageOfPage\":{\"@id\":\"https:\/\/visitedemarseille.com\/visite\/chateau-borely\/#primaryimage\"},\"image\":{\"@id\":\"https:\/\/visitedemarseille.com\/visite\/chateau-borely\/#primaryimage\"},\"thumbnailUrl\":\"http:\/\/www.visitedemarseille.com\/wp-includes\/js\/tinymce\/plugins\/wordpress\/img\/trans.gif\",\"datePublished\":\"2018-01-29T14:50:13+00:00\",\"dateModified\":\"2018-07-02T09:42:31+00:00\",\"description\":\"Visite guid\u00e9e du Ch\u00e2teau Bor\u00e9ly avec Justine Coste: entrez dans l'univers artistique et culturel d'une grande famille de n\u00e9gociants au 18\u00e8me si\u00e8cle \u00e0 Marseille.\",\"breadcrumb\":{\"@id\":\"https:\/\/visitedemarseille.com\/visite\/chateau-borely\/#breadcrumb\"},\"inLanguage\":\"fr-FR\",\"potentialAction\":[{\"@type\":\"ReadAction\",\"target\":[\"https:\/\/visitedemarseille.com\/visite\/chateau-borely\/\"]}]},{\"@type\":\"ImageObject\",\"inLanguage\":\"fr-FR\",\"@id\":\"https:\/\/visitedemarseille.com\/visite\/chateau-borely\/#primaryimage\",\"url\":\"http:\/\/www.visitedemarseille.com\/wp-includes\/js\/tinymce\/plugins\/wordpress\/img\/trans.gif\",\"contentUrl\":\"http:\/\/www.visitedemarseille.com\/wp-includes\/js\/tinymce\/plugins\/wordpress\/img\/trans.gif\"},{\"@type\":\"BreadcrumbList\",\"@id\":\"https:\/\/visitedemarseille.com\/visite\/chateau-borely\/#breadcrumb\",\"itemListElement\":[{\"@type\":\"ListItem\",\"position\":1,\"name\":\"Accueil\",\"item\":\"https:\/\/visitedemarseille.com\/visite\/\"},{\"@type\":\"ListItem\",\"position\":2,\"name\":\"12-Ch\u00e2teau Bor\u00e9ly\"}]},{\"@type\":\"WebSite\",\"@id\":\"https:\/\/visitedemarseille.com\/visite\/#website\",\"url\":\"https:\/\/visitedemarseille.com\/visite\/\",\"name\":\"Visite de Marseille\",\"description\":\"visites scolaires|conf\u00e9rences Marseillaises| animations seniors\",\"publisher\":{\"@id\":\"https:\/\/visitedemarseille.com\/visite\/#organization\"},\"potentialAction\":[{\"@type\":\"SearchAction\",\"target\":{\"@type\":\"EntryPoint\",\"urlTemplate\":\"https:\/\/visitedemarseille.com\/visite\/?s={search_term_string}\"},\"query-input\":{\"@type\":\"PropertyValueSpecification\",\"valueRequired\":true,\"valueName\":\"search_term_string\"}}],\"inLanguage\":\"fr-FR\"},{\"@type\":\"Organization\",\"@id\":\"https:\/\/visitedemarseille.com\/visite\/#organization\",\"name\":\"Visite de Marseille\",\"url\":\"https:\/\/visitedemarseille.com\/visite\/\",\"logo\":{\"@type\":\"ImageObject\",\"inLanguage\":\"fr-FR\",\"@id\":\"https:\/\/visitedemarseille.com\/visite\/#\/schema\/logo\/image\/\",\"url\":\"https:\/\/visitedemarseille.com\/visite\/wp-content\/uploads\/2022\/10\/3.png\",\"contentUrl\":\"https:\/\/visitedemarseille.com\/visite\/wp-content\/uploads\/2022\/10\/3.png\",\"width\":1200,\"height\":600,\"caption\":\"Visite de Marseille\"},\"image\":{\"@id\":\"https:\/\/visitedemarseille.com\/visite\/#\/schema\/logo\/image\/\"},\"sameAs\":[\"https:\/\/www.facebook.com\/Visitedemarseille\/\"]}]}<\/script>\n<!-- \/ Yoast SEO plugin. -->","yoast_head_json":{"title":"Visite guid\u00e9e du Ch\u00e2teau Bor\u00e9ly- visitedemarseille.com","description":"Visite guid\u00e9e du Ch\u00e2teau Bor\u00e9ly avec Justine Coste: entrez dans l'univers artistique et culturel d'une grande famille de n\u00e9gociants au 18\u00e8me si\u00e8cle \u00e0 Marseille.","robots":{"index":"index","follow":"follow","max-snippet":"max-snippet:-1","max-image-preview":"max-image-preview:large","max-video-preview":"max-video-preview:-1"},"canonical":"https:\/\/visitedemarseille.com\/visite\/chateau-borely\/","og_locale":"fr_FR","og_type":"article","og_title":"Visite guid\u00e9e du Ch\u00e2teau Bor\u00e9ly- visitedemarseille.com","og_description":"Visite guid\u00e9e du Ch\u00e2teau Bor\u00e9ly avec Justine Coste: entrez dans l'univers artistique et culturel d'une grande famille de n\u00e9gociants au 18\u00e8me si\u00e8cle \u00e0 Marseille.","og_url":"https:\/\/visitedemarseille.com\/visite\/chateau-borely\/","og_site_name":"Visite de Marseille","article_publisher":"https:\/\/www.facebook.com\/Visitedemarseille\/","article_modified_time":"2018-07-02T09:42:31+00:00","og_image":[{"url":"http:\/\/www.visitedemarseille.com\/wp-includes\/js\/tinymce\/plugins\/wordpress\/img\/trans.gif","type":"","width":"","height":""}],"twitter_card":"summary_large_image","twitter_misc":{"Dur\u00e9e de lecture estim\u00e9e":"3 minutes"},"schema":{"@context":"https:\/\/schema.org","@graph":[{"@type":"WebPage","@id":"https:\/\/visitedemarseille.com\/visite\/chateau-borely\/","url":"https:\/\/visitedemarseille.com\/visite\/chateau-borely\/","name":"Visite guid\u00e9e du Ch\u00e2teau Bor\u00e9ly- visitedemarseille.com","isPartOf":{"@id":"https:\/\/visitedemarseille.com\/visite\/#website"},"primaryImageOfPage":{"@id":"https:\/\/visitedemarseille.com\/visite\/chateau-borely\/#primaryimage"},"image":{"@id":"https:\/\/visitedemarseille.com\/visite\/chateau-borely\/#primaryimage"},"thumbnailUrl":"http:\/\/www.visitedemarseille.com\/wp-includes\/js\/tinymce\/plugins\/wordpress\/img\/trans.gif","datePublished":"2018-01-29T14:50:13+00:00","dateModified":"2018-07-02T09:42:31+00:00","description":"Visite guid\u00e9e du Ch\u00e2teau Bor\u00e9ly avec Justine Coste: entrez dans l'univers artistique et culturel d'une grande famille de n\u00e9gociants au 18\u00e8me si\u00e8cle \u00e0 Marseille.","breadcrumb":{"@id":"https:\/\/visitedemarseille.com\/visite\/chateau-borely\/#breadcrumb"},"inLanguage":"fr-FR","potentialAction":[{"@type":"ReadAction","target":["https:\/\/visitedemarseille.com\/visite\/chateau-borely\/"]}]},{"@type":"ImageObject","inLanguage":"fr-FR","@id":"https:\/\/visitedemarseille.com\/visite\/chateau-borely\/#primaryimage","url":"http:\/\/www.visitedemarseille.com\/wp-includes\/js\/tinymce\/plugins\/wordpress\/img\/trans.gif","contentUrl":"http:\/\/www.visitedemarseille.com\/wp-includes\/js\/tinymce\/plugins\/wordpress\/img\/trans.gif"},{"@type":"BreadcrumbList","@id":"https:\/\/visitedemarseille.com\/visite\/chateau-borely\/#breadcrumb","itemListElement":[{"@type":"ListItem","position":1,"name":"Accueil","item":"https:\/\/visitedemarseille.com\/visite\/"},{"@type":"ListItem","position":2,"name":"12-Ch\u00e2teau Bor\u00e9ly"}]},{"@type":"WebSite","@id":"https:\/\/visitedemarseille.com\/visite\/#website","url":"https:\/\/visitedemarseille.com\/visite\/","name":"Visite de Marseille","description":"visites scolaires|conf\u00e9rences Marseillaises| animations seniors","publisher":{"@id":"https:\/\/visitedemarseille.com\/visite\/#organization"},"potentialAction":[{"@type":"SearchAction","target":{"@type":"EntryPoint","urlTemplate":"https:\/\/visitedemarseille.com\/visite\/?s={search_term_string}"},"query-input":{"@type":"PropertyValueSpecification","valueRequired":true,"valueName":"search_term_string"}}],"inLanguage":"fr-FR"},{"@type":"Organization","@id":"https:\/\/visitedemarseille.com\/visite\/#organization","name":"Visite de Marseille","url":"https:\/\/visitedemarseille.com\/visite\/","logo":{"@type":"ImageObject","inLanguage":"fr-FR","@id":"https:\/\/visitedemarseille.com\/visite\/#\/schema\/logo\/image\/","url":"https:\/\/visitedemarseille.com\/visite\/wp-content\/uploads\/2022\/10\/3.png","contentUrl":"https:\/\/visitedemarseille.com\/visite\/wp-content\/uploads\/2022\/10\/3.png","width":1200,"height":600,"caption":"Visite de Marseille"},"image":{"@id":"https:\/\/visitedemarseille.com\/visite\/#\/schema\/logo\/image\/"},"sameAs":["https:\/\/www.facebook.com\/Visitedemarseille\/"]}]}},"_links":{"self":[{"href":"https:\/\/visitedemarseille.com\/visite\/wp-json\/wp\/v2\/pages\/3663","targetHints":{"allow":["GET"]}}],"collection":[{"href":"https:\/\/visitedemarseille.com\/visite\/wp-json\/wp\/v2\/pages"}],"about":[{"href":"https:\/\/visitedemarseille.com\/visite\/wp-json\/wp\/v2\/types\/page"}],"author":[{"embeddable":true,"href":"https:\/\/visitedemarseille.com\/visite\/wp-json\/wp\/v2\/users\/1"}],"replies":[{"embeddable":true,"href":"https:\/\/visitedemarseille.com\/visite\/wp-json\/wp\/v2\/comments?post=3663"}],"version-history":[{"count":7,"href":"https:\/\/visitedemarseille.com\/visite\/wp-json\/wp\/v2\/pages\/3663\/revisions"}],"predecessor-version":[{"id":5108,"href":"https:\/\/visitedemarseille.com\/visite\/wp-json\/wp\/v2\/pages\/3663\/revisions\/5108"}],"wp:attachment":[{"href":"https:\/\/visitedemarseille.com\/visite\/wp-json\/wp\/v2\/media?parent=3663"}],"curies":[{"name":"wp","href":"https:\/\/api.w.org\/{rel}","templated":true}]}}