{"id":3671,"date":"2018-01-29T17:01:59","date_gmt":"2018-01-29T16:01:59","guid":{"rendered":"http:\/\/visitedemarseille.com\/visite\/?page_id=3671"},"modified":"2018-07-02T11:50:47","modified_gmt":"2018-07-02T09:50:47","slug":"saint-victor","status":"publish","type":"page","link":"https:\/\/visitedemarseille.com\/visite\/saint-victor\/","title":{"rendered":"14-Cryptes de l&rsquo;abbaye Saint Victor"},"content":{"rendered":"<h1 class=\"fw-special-title\">Cryptes de Saint Victor<\/h1>\n<p> D\u00e9couvrez les myst\u00e8res de la plus ancienne abbaye de Provence.<\/p>\n<h2>Victor, Lazare, Marie-Madeleine<\/h2>\n<p>A Marseille, nous avons l\u2019OM et Zidane, mais ce n\u2019est pas tout. Savez-vous que les cryptes de l\u2019Abbaye Saint Victor, abritent les t\u00e9moignages des grands h\u00e9ros Chr\u00e9tiens de notre r\u00e9gion ? Victor, Lazare, Marie-Madeleine, autant de cultes v\u00e9n\u00e9r\u00e9s en ces lieux dont je vous raconterai l\u2019histoire et les traditions associ\u00e9es.<\/p>\n<h2>Une \u00e9glise pal\u00e9o-chr\u00e9tienne du V\u00e8me si\u00e8cle<\/h2>\n<p>Cette visite r\u00e9pond \u00e9galement aux questions que l\u2019on se pose sur la vie des premiers chr\u00e9tiens, et sur la vie de la cit\u00e9 dans l\u2019antiquit\u00e9 tardive. Au milieu de la poussi\u00e8re et des toiles d\u2019araign\u00e9es, quelle \u00e9motion de se sentir t\u00e9moin des premiers pas de l\u2019\u00e8re Chr\u00e9tienne en occident !<\/p>\n<p> <a href=\"http:\/\/visitedemarseille.com\/visite\/contact\/\" target=\"_self\" class=\"fw-btn tf-sh-cb4629231ce9978dda8c44521a4df6de fw-btn-md fw-btn-side-by-side fw-btn-4\" style=\"\"><br \/>\n R\u00e9servez votre visite<br \/>\n <\/a><\/p>\n<h4>Dur\u00e9e<\/h4>\n<p>Environ 30 mn.<\/p>\n<h4>Tarifs<\/h4>\n<p>A partir de 100 EUR (en basse saison, selon le nombre de personnes, individuels ou groupes, etc.). Visite \u00e0 coupler avec le quartier St Victor, la Rive Sud, Notre Dame de la Garde&#8230;<\/p>\n<p>Les prix sont nets (la TVA n\u2019est pas applicable). Ils n\u2019incluent pas le co\u00fbt de l\u2019entr\u00e9e dans un mus\u00e9e ou une exposition s\u2019il y a lieu, les d\u00e9gustations ou d\u00e9jeuners, les transports ou autres prestations qui pourraient \u00eatre attenantes \u00e0 la visite.<\/p>\n<p>Co\u00fbt suppl\u00e9mentaire: <\/p>\n<p>-Entr\u00e9e dans la crypte : 2 EUR<\/p>\n<h4>En circuit<\/h4>\n<p>En quelques heures: D\u00e9couvrez l&rsquo;int\u00e9gralit\u00e9 de la Rive Sud, l&rsquo;ancien quartier des Arcenaulx, la rive ch\u00e8re \u00e0 Pagnol, les santons de Provence et les fameuses navettes. Puis Montez jusqu&rsquo;\u00e0 <a href=\"http:\/\/visitedemarseille.com\/visite\/notre-dame-de-garde-visite-guidee-bonne-mere\/\" target=\"_blank\" rel=\"noopener\">Notre Dame de la Garde<\/a><\/p>\n<p>Si vous avez 2 jours: Le Lendemain fl\u00e2nez le long de la <a href=\"http:\/\/visitedemarseille.com\/visite\/marseille-pecheurs-corniche\/\" target=\"_blank\" rel=\"noopener\">Corniche<\/a> depuis le Palais du Pharo, puis prenez un bus jusqu&rsquo;au<a href=\"http:\/\/visitedemarseille.com\/visite\/la-vie-de-chateau-a-borely\/\" target=\"_blank\" rel=\"noopener\"> ch\u00e2teau Bor\u00e9ly<\/a>.<\/p>\n<h4>Public<\/h4>\n<p>ParticuliersGroupesScolaires<\/p>\n<h4>Les bonnes adresses<\/h4>\n<p><a href=\"http:\/\/www.lacardinale.com\/\">Librairie maritime La Cardinale:<\/a> Sur le quai de Rive Neuve, retrouvez l&rsquo;atmosph\u00e8re des grands voyageurs. De nombreux ouvrages sur Marseille sont disponibles.<\/p>\n<p><a href=\"https:\/\/www.facebook.com\/LA-PASSARELLE-Restaurant-Traiteur-225746453630\/\">Restaurant jardin La Passarelle<\/a>: Sp\u00e9cialit\u00e9s m\u00e9ridionales de saison dans un cadre simple ou sur la terrasse arbor\u00e9e avec fontaine et potager. Au calme, \u00e0 2 pas du port.<\/p>\n<p><a href=\"http:\/\/blogstorymarseille.com\/la-cave-aux-tresors-de-fabienne\/\">La Cave aux tr\u00e9sors<\/a>&nbsp;: Une toute petite brocante avec \u00e0 l&rsquo;int\u00e9rieur une Grande dame. On y trouve des petits souvenirs Marseillais d&rsquo;\u00e9poque: carafe Ricard, broderies, etc&#8230;<\/p>\n<p> <a class=\"fw-block-image-child fw-ratio-4-3 fw-ratio-container\" href=\"\/\/visitedemarseille.com\/visite\/wp-content\/uploads\/2018\/04\/20160929_123357.jpg\" data-rel=\"prettyPhoto\" rel=\"prettyPhoto\"><br \/>\n <img decoding=\"async\" src=\"http:\/\/visitedemarseille.com\/visite\/wp-content\/uploads\/2018\/04\/20160929_123357.jpg\" alt=\"20160929_123357\" data-maxdpr=\"1.7\" width=\"300\" class=\"lazyload\" \/> <\/a><br \/>\n <a class=\"fw-block-image-child fw-ratio-4-3 fw-ratio-container\" href=\"\/\/visitedemarseille.com\/visite\/wp-content\/uploads\/2018\/04\/abbey-1864109_1280.jpg\" data-rel=\"prettyPhoto\" rel=\"prettyPhoto\"><br \/>\n <img decoding=\"async\" src=\"http:\/\/visitedemarseille.com\/visite\/wp-content\/uploads\/2018\/04\/abbey-1864109_1280.jpg\" alt=\"Visite guid\u00e9e des cryptes de Saint Victor\" data-maxdpr=\"1.7\" width=\"300\" class=\"lazyload\" \/> <\/a><br \/>\n <a class=\"fw-block-image-child fw-ratio-4-3 fw-ratio-container\" href=\"\/\/visitedemarseille.com\/visite\/wp-content\/uploads\/2018\/04\/20160929_124238.jpg\" data-rel=\"prettyPhoto\" rel=\"prettyPhoto\"><br \/>\n <img decoding=\"async\" src=\"http:\/\/visitedemarseille.com\/visite\/wp-content\/uploads\/2018\/04\/20160929_124238.jpg\" alt=\"visite guid\u00e9e des cryptes de Saint Victor: un sarcophage comment\u00e9\" data-maxdpr=\"1.7\" width=\"300\" class=\"lazyload\" \/> <\/a><br \/>\n <img decoding=\"async\" src=\"http:\/\/visitedemarseille.com\/visite\/wp-content\/uploads\/2017\/11\/11.png\" alt=\"Comment r\u00e9server votre visite de Marseille ?\" data-maxdpr=\"1.7\" width=\"950\" class=\"lazyload\" \/><br \/>\n <a href=\"http:\/\/visitedemarseille.com\/visite\/contact\/\" target=\"_self\" class=\"fw-btn tf-sh-f8184f6fc454255d06631571611ea84b fw-btn-md fw-btn-4\" style=\"\"><br \/>\n > R\u00e9servez votre visite<br \/>\n <\/a><\/p>\n<p style=\"text-align: center;\">Retour au <a href=\"http:\/\/visitedemarseille.com\/visite\/nosvisites\/\" target=\"_blank\" rel=\"noopener\">catalogue des visites<\/a> ou \u00e0 la <a href=\"http:\/\/visitedemarseille.com\/visite\/\" target=\"_blank\" rel=\"noopener\">page d&rsquo;accueil<\/a><\/p>\n<p><!-- 645e6e8aa77401f6d2a584d8344d7293 --><\/p>\n","protected":false},"excerpt":{"rendered":"<p>Cryptes de Saint Victor D\u00e9couvrez les myst\u00e8res de la plus ancienne abbaye de Provence. Victor, Lazare, Marie-Madeleine A Marseille, nous avons l\u2019OM et Zidane, mais ce n\u2019est pas tout. Savez-vous que les cryptes de l\u2019Abbaye Saint Victor, abritent les t\u00e9moignages des grands h\u00e9ros Chr\u00e9tiens de notre r\u00e9gion ? Victor, Lazare, Marie-Madeleine, autant de cultes v\u00e9n\u00e9r\u00e9s [&hellip;]<\/p>\n","protected":false},"author":1,"featured_media":0,"parent":0,"menu_order":0,"comment_status":"closed","ping_status":"closed","template":"visual-builder-template.php","meta":{"_themeisle_gutenberg_block_has_review":false,"footnotes":""},"class_list":["post-3671","page","type-page","status-publish","hentry"],"yoast_head":"<!-- This site is optimized with the Yoast SEO plugin v24.3 - https:\/\/yoast.com\/wordpress\/plugins\/seo\/ -->\n<title>Visite guid\u00e9e de Saint Victor \u00e0 Marseille- Avec Justine Coste<\/title>\n<meta name=\"description\" content=\"D\u00e9couvrez les myst\u00e8res de l&#039;Abbaye Saint Victor: la plus ancienne abbaye de Provence. Victor, Lazare, Marie-Madeleine y sont repr\u00e9sent\u00e9s et v\u00e9n\u00e9r\u00e9s depuis le V\u00e8me si\u00e8cle.\" \/>\n<meta name=\"robots\" content=\"index, follow, max-snippet:-1, max-image-preview:large, max-video-preview:-1\" \/>\n<link rel=\"canonical\" href=\"https:\/\/visitedemarseille.com\/visite\/saint-victor\/\" \/>\n<meta property=\"og:locale\" content=\"fr_FR\" \/>\n<meta property=\"og:type\" content=\"article\" \/>\n<meta property=\"og:title\" content=\"Visite guid\u00e9e de Saint Victor \u00e0 Marseille- Avec Justine Coste\" \/>\n<meta property=\"og:description\" content=\"D\u00e9couvrez les myst\u00e8res de l&#039;Abbaye Saint Victor: la plus ancienne abbaye de Provence. Victor, Lazare, Marie-Madeleine y sont repr\u00e9sent\u00e9s et v\u00e9n\u00e9r\u00e9s depuis le V\u00e8me si\u00e8cle.\" \/>\n<meta property=\"og:url\" content=\"https:\/\/visitedemarseille.com\/visite\/saint-victor\/\" \/>\n<meta property=\"og:site_name\" content=\"Visite de Marseille\" \/>\n<meta property=\"article:publisher\" content=\"https:\/\/www.facebook.com\/Visitedemarseille\/\" \/>\n<meta property=\"article:modified_time\" content=\"2018-07-02T09:50:47+00:00\" \/>\n<meta property=\"og:image\" content=\"http:\/\/visitedemarseille.com\/visite\/wp-content\/uploads\/2018\/04\/20160929_123357.jpg\" \/>\n<meta name=\"twitter:card\" content=\"summary_large_image\" \/>\n<meta name=\"twitter:label1\" content=\"Dur\u00e9e de lecture estim\u00e9e\" \/>\n\t<meta name=\"twitter:data1\" content=\"2 minutes\" \/>\n<script type=\"application\/ld+json\" class=\"yoast-schema-graph\">{\"@context\":\"https:\/\/schema.org\",\"@graph\":[{\"@type\":\"WebPage\",\"@id\":\"https:\/\/visitedemarseille.com\/visite\/saint-victor\/\",\"url\":\"https:\/\/visitedemarseille.com\/visite\/saint-victor\/\",\"name\":\"Visite guid\u00e9e de Saint Victor \u00e0 Marseille- Avec Justine Coste\",\"isPartOf\":{\"@id\":\"https:\/\/visitedemarseille.com\/visite\/#website\"},\"primaryImageOfPage\":{\"@id\":\"https:\/\/visitedemarseille.com\/visite\/saint-victor\/#primaryimage\"},\"image\":{\"@id\":\"https:\/\/visitedemarseille.com\/visite\/saint-victor\/#primaryimage\"},\"thumbnailUrl\":\"http:\/\/visitedemarseille.com\/visite\/wp-content\/uploads\/2018\/04\/20160929_123357.jpg\",\"datePublished\":\"2018-01-29T16:01:59+00:00\",\"dateModified\":\"2018-07-02T09:50:47+00:00\",\"description\":\"D\u00e9couvrez les myst\u00e8res de l'Abbaye Saint Victor: la plus ancienne abbaye de Provence. Victor, Lazare, Marie-Madeleine y sont repr\u00e9sent\u00e9s et v\u00e9n\u00e9r\u00e9s depuis le V\u00e8me si\u00e8cle.\",\"breadcrumb\":{\"@id\":\"https:\/\/visitedemarseille.com\/visite\/saint-victor\/#breadcrumb\"},\"inLanguage\":\"fr-FR\",\"potentialAction\":[{\"@type\":\"ReadAction\",\"target\":[\"https:\/\/visitedemarseille.com\/visite\/saint-victor\/\"]}]},{\"@type\":\"ImageObject\",\"inLanguage\":\"fr-FR\",\"@id\":\"https:\/\/visitedemarseille.com\/visite\/saint-victor\/#primaryimage\",\"url\":\"http:\/\/visitedemarseille.com\/visite\/wp-content\/uploads\/2018\/04\/20160929_123357.jpg\",\"contentUrl\":\"http:\/\/visitedemarseille.com\/visite\/wp-content\/uploads\/2018\/04\/20160929_123357.jpg\"},{\"@type\":\"BreadcrumbList\",\"@id\":\"https:\/\/visitedemarseille.com\/visite\/saint-victor\/#breadcrumb\",\"itemListElement\":[{\"@type\":\"ListItem\",\"position\":1,\"name\":\"Accueil\",\"item\":\"https:\/\/visitedemarseille.com\/visite\/\"},{\"@type\":\"ListItem\",\"position\":2,\"name\":\"14-Cryptes de l&rsquo;abbaye Saint Victor\"}]},{\"@type\":\"WebSite\",\"@id\":\"https:\/\/visitedemarseille.com\/visite\/#website\",\"url\":\"https:\/\/visitedemarseille.com\/visite\/\",\"name\":\"Visite de Marseille\",\"description\":\"visites scolaires|conf\u00e9rences Marseillaises| animations seniors\",\"publisher\":{\"@id\":\"https:\/\/visitedemarseille.com\/visite\/#organization\"},\"potentialAction\":[{\"@type\":\"SearchAction\",\"target\":{\"@type\":\"EntryPoint\",\"urlTemplate\":\"https:\/\/visitedemarseille.com\/visite\/?s={search_term_string}\"},\"query-input\":{\"@type\":\"PropertyValueSpecification\",\"valueRequired\":true,\"valueName\":\"search_term_string\"}}],\"inLanguage\":\"fr-FR\"},{\"@type\":\"Organization\",\"@id\":\"https:\/\/visitedemarseille.com\/visite\/#organization\",\"name\":\"Visite de Marseille\",\"url\":\"https:\/\/visitedemarseille.com\/visite\/\",\"logo\":{\"@type\":\"ImageObject\",\"inLanguage\":\"fr-FR\",\"@id\":\"https:\/\/visitedemarseille.com\/visite\/#\/schema\/logo\/image\/\",\"url\":\"https:\/\/visitedemarseille.com\/visite\/wp-content\/uploads\/2022\/10\/3.png\",\"contentUrl\":\"https:\/\/visitedemarseille.com\/visite\/wp-content\/uploads\/2022\/10\/3.png\",\"width\":1200,\"height\":600,\"caption\":\"Visite de Marseille\"},\"image\":{\"@id\":\"https:\/\/visitedemarseille.com\/visite\/#\/schema\/logo\/image\/\"},\"sameAs\":[\"https:\/\/www.facebook.com\/Visitedemarseille\/\"]}]}<\/script>\n<!-- \/ Yoast SEO plugin. -->","yoast_head_json":{"title":"Visite guid\u00e9e de Saint Victor \u00e0 Marseille- Avec Justine Coste","description":"D\u00e9couvrez les myst\u00e8res de l'Abbaye Saint Victor: la plus ancienne abbaye de Provence. Victor, Lazare, Marie-Madeleine y sont repr\u00e9sent\u00e9s et v\u00e9n\u00e9r\u00e9s depuis le V\u00e8me si\u00e8cle.","robots":{"index":"index","follow":"follow","max-snippet":"max-snippet:-1","max-image-preview":"max-image-preview:large","max-video-preview":"max-video-preview:-1"},"canonical":"https:\/\/visitedemarseille.com\/visite\/saint-victor\/","og_locale":"fr_FR","og_type":"article","og_title":"Visite guid\u00e9e de Saint Victor \u00e0 Marseille- Avec Justine Coste","og_description":"D\u00e9couvrez les myst\u00e8res de l'Abbaye Saint Victor: la plus ancienne abbaye de Provence. Victor, Lazare, Marie-Madeleine y sont repr\u00e9sent\u00e9s et v\u00e9n\u00e9r\u00e9s depuis le V\u00e8me si\u00e8cle.","og_url":"https:\/\/visitedemarseille.com\/visite\/saint-victor\/","og_site_name":"Visite de Marseille","article_publisher":"https:\/\/www.facebook.com\/Visitedemarseille\/","article_modified_time":"2018-07-02T09:50:47+00:00","og_image":[{"url":"http:\/\/visitedemarseille.com\/visite\/wp-content\/uploads\/2018\/04\/20160929_123357.jpg","type":"","width":"","height":""}],"twitter_card":"summary_large_image","twitter_misc":{"Dur\u00e9e de lecture estim\u00e9e":"2 minutes"},"schema":{"@context":"https:\/\/schema.org","@graph":[{"@type":"WebPage","@id":"https:\/\/visitedemarseille.com\/visite\/saint-victor\/","url":"https:\/\/visitedemarseille.com\/visite\/saint-victor\/","name":"Visite guid\u00e9e de Saint Victor \u00e0 Marseille- Avec Justine Coste","isPartOf":{"@id":"https:\/\/visitedemarseille.com\/visite\/#website"},"primaryImageOfPage":{"@id":"https:\/\/visitedemarseille.com\/visite\/saint-victor\/#primaryimage"},"image":{"@id":"https:\/\/visitedemarseille.com\/visite\/saint-victor\/#primaryimage"},"thumbnailUrl":"http:\/\/visitedemarseille.com\/visite\/wp-content\/uploads\/2018\/04\/20160929_123357.jpg","datePublished":"2018-01-29T16:01:59+00:00","dateModified":"2018-07-02T09:50:47+00:00","description":"D\u00e9couvrez les myst\u00e8res de l'Abbaye Saint Victor: la plus ancienne abbaye de Provence. Victor, Lazare, Marie-Madeleine y sont repr\u00e9sent\u00e9s et v\u00e9n\u00e9r\u00e9s depuis le V\u00e8me si\u00e8cle.","breadcrumb":{"@id":"https:\/\/visitedemarseille.com\/visite\/saint-victor\/#breadcrumb"},"inLanguage":"fr-FR","potentialAction":[{"@type":"ReadAction","target":["https:\/\/visitedemarseille.com\/visite\/saint-victor\/"]}]},{"@type":"ImageObject","inLanguage":"fr-FR","@id":"https:\/\/visitedemarseille.com\/visite\/saint-victor\/#primaryimage","url":"http:\/\/visitedemarseille.com\/visite\/wp-content\/uploads\/2018\/04\/20160929_123357.jpg","contentUrl":"http:\/\/visitedemarseille.com\/visite\/wp-content\/uploads\/2018\/04\/20160929_123357.jpg"},{"@type":"BreadcrumbList","@id":"https:\/\/visitedemarseille.com\/visite\/saint-victor\/#breadcrumb","itemListElement":[{"@type":"ListItem","position":1,"name":"Accueil","item":"https:\/\/visitedemarseille.com\/visite\/"},{"@type":"ListItem","position":2,"name":"14-Cryptes de l&rsquo;abbaye Saint Victor"}]},{"@type":"WebSite","@id":"https:\/\/visitedemarseille.com\/visite\/#website","url":"https:\/\/visitedemarseille.com\/visite\/","name":"Visite de Marseille","description":"visites scolaires|conf\u00e9rences Marseillaises| animations seniors","publisher":{"@id":"https:\/\/visitedemarseille.com\/visite\/#organization"},"potentialAction":[{"@type":"SearchAction","target":{"@type":"EntryPoint","urlTemplate":"https:\/\/visitedemarseille.com\/visite\/?s={search_term_string}"},"query-input":{"@type":"PropertyValueSpecification","valueRequired":true,"valueName":"search_term_string"}}],"inLanguage":"fr-FR"},{"@type":"Organization","@id":"https:\/\/visitedemarseille.com\/visite\/#organization","name":"Visite de Marseille","url":"https:\/\/visitedemarseille.com\/visite\/","logo":{"@type":"ImageObject","inLanguage":"fr-FR","@id":"https:\/\/visitedemarseille.com\/visite\/#\/schema\/logo\/image\/","url":"https:\/\/visitedemarseille.com\/visite\/wp-content\/uploads\/2022\/10\/3.png","contentUrl":"https:\/\/visitedemarseille.com\/visite\/wp-content\/uploads\/2022\/10\/3.png","width":1200,"height":600,"caption":"Visite de Marseille"},"image":{"@id":"https:\/\/visitedemarseille.com\/visite\/#\/schema\/logo\/image\/"},"sameAs":["https:\/\/www.facebook.com\/Visitedemarseille\/"]}]}},"_links":{"self":[{"href":"https:\/\/visitedemarseille.com\/visite\/wp-json\/wp\/v2\/pages\/3671","targetHints":{"allow":["GET"]}}],"collection":[{"href":"https:\/\/visitedemarseille.com\/visite\/wp-json\/wp\/v2\/pages"}],"about":[{"href":"https:\/\/visitedemarseille.com\/visite\/wp-json\/wp\/v2\/types\/page"}],"author":[{"embeddable":true,"href":"https:\/\/visitedemarseille.com\/visite\/wp-json\/wp\/v2\/users\/1"}],"replies":[{"embeddable":true,"href":"https:\/\/visitedemarseille.com\/visite\/wp-json\/wp\/v2\/comments?post=3671"}],"version-history":[{"count":5,"href":"https:\/\/visitedemarseille.com\/visite\/wp-json\/wp\/v2\/pages\/3671\/revisions"}],"predecessor-version":[{"id":5109,"href":"https:\/\/visitedemarseille.com\/visite\/wp-json\/wp\/v2\/pages\/3671\/revisions\/5109"}],"wp:attachment":[{"href":"https:\/\/visitedemarseille.com\/visite\/wp-json\/wp\/v2\/media?parent=3671"}],"curies":[{"name":"wp","href":"https:\/\/api.w.org\/{rel}","templated":true}]}}