{"id":3721,"date":"2018-02-21T18:45:53","date_gmt":"2018-02-21T17:45:53","guid":{"rendered":"http:\/\/visitedemarseille.com\/visite\/?page_id=3721"},"modified":"2018-07-03T10:51:37","modified_gmt":"2018-07-03T08:51:37","slug":"sejours","status":"publish","type":"page","link":"https:\/\/visitedemarseille.com\/visite\/sejours\/","title":{"rendered":"26- S\u00e9jours\/ Groupes"},"content":{"rendered":"<h1 class=\"fw-special-title\">S\u00e9jours pour groupes<\/h1>\n<p> 3 jours de circuits culturels \u00e0 Marseille et alentours<\/p>\n<p>Un s\u00e9jour sur mesure vous attend&#8230;<\/p>\n<h2>Aide Logistique<\/h2>\n<p>Venez poser vos bagages 3 jours ou plus dans un h\u00f4tel 3 \u00e9toiles situ\u00e9 en plein c\u0153ur de Marseille, \u00e0 proximit\u00e9 de toutes les attractions culturelles pour une d\u00e9couverte de la ville confortable.<\/p>\n<h2>Accompagnement et visites<\/h2>\n<p>Nous viendrons vous chercher le matin, pour vous guider dans les <a href=\"http:\/\/visitedemarseille.com\/visite\/nosvisites\/\" target=\"_blank\" rel=\"noopener\">quartiers<\/a>, <a href=\"http:\/\/visitedemarseille.com\/visite\/musee-histoire\/\" target=\"_blank\" rel=\"noopener\">mus\u00e9es<\/a> et autres lieux d&rsquo;int\u00e9r\u00eat. Nous circulerons \u00e0 pied ou en transports en commun, comme les Marseillais.Nous vous aiderons \u00e0 r\u00e9server au pr\u00e9alable vos restaurants, billets d&rsquo;entr\u00e9e et autres prestataires de service.Nous r\u00e9pondrons \u00e0 vos demandes particuli\u00e8res. Et si vous le souhaitez, nous pourrons continuer le s\u00e9jour en <a href=\"http:\/\/visitedemarseille.com\/visite\/provence\/\" target=\"_blank\" rel=\"noopener\">Provence<\/a>, \u00e0 moins d&rsquo;une heure de Marseille. De petites p\u00e9pites vous attendent!!<a href=\"http:\/\/visitedemarseille.com\/visite\/contact\/\" target=\"_blank\" rel=\"noopener\">Contactez-nous<\/a> pour une proposition personnalis\u00e9e et un devis.<\/p>\n<p>&nbsp;<\/p>\n<p> <a href=\"http:\/\/visitedemarseille.com\/visite\/contact\/\" target=\"_self\" class=\"fw-btn tf-sh-bc11c2844db987207e22a7c398efe6b5 fw-btn-md fw-btn-side-by-side fw-btn-4\" style=\"\"><br \/>\n R\u00e9servez votre s\u00e9jour<br \/>\n <\/a><\/p>\n<h4>Dur\u00e9e<\/h4>\n<p>Environ 2h30.<\/p>\n<h4>Tarifs<\/h4>\n<p>A partir de 100 EUR (en basse saison, selon le nombre de personnes, individuels ou groupes, etc.)<\/p>\n<p>Les prix sont nets (la TVA n\u2019est pas applicable). Ils n\u2019incluent pas le co\u00fbt de l\u2019entr\u00e9e dans un mus\u00e9e ou une exposition s\u2019il y a lieu, les d\u00e9gustations ou d\u00e9jeuners, les transports ou autres prestations qui pourraient \u00eatre attenantes \u00e0 la visite. <\/p>\n<h4>En circuit<\/h4>\n<p>Si vous avez 1 jour: continuez la d\u00e9couverte de la Ville avec la Belle de Mai et la Joliette, 2 quartiers faisant partie du grand projet de r\u00e9novation urbaine Eurom\u00e9diterran\u00e9e. <\/p>\n<p>Si vous avez 2 jours: Prenez le large le lendemain et respirez un grand bol d&rsquo;air aux <a href=\"http:\/\/une matin\u00e9e au bout du monde\">\u00eeles du Frioul<\/a> avec votre guide!<\/p>\n<h4>Public<\/h4>\n<p>ParticuliersGroupesVisite accessible <\/p>\n<h4>Les bonnes adresses<\/h4>\n<p><a href=\"https:\/\/www.facebook.com\/Brasserie-des-Templiers-209352542451580\/\" target=\"_blank\" rel=\"noopener\">La Brasserie des Templiers <\/a>: une des derni\u00e8res grandes brasseries du XIX\u00e8me si\u00e8cle. Y d\u00e9guster le plat du jour et dire bonjour \u00e0 M. Jeanjean.<\/p>\n<p><a href=\"http:\/\/www.empereur.fr\/\" target=\"_blank\" rel=\"noopener\">Maison Empereur <\/a>: la plus vieille quincaillerie de France date de 1837. On s&rsquo;y rend pour trouver ce que l&rsquo;on n&rsquo;a pas trouv\u00e9 ailleurs&#8230;<\/p>\n<p><a href=\"http:\/\/noailles.com\/nos-magasins-page-3.html\" target=\"_blank\" rel=\"noopener\">Torr\u00e9faction Noailles<\/a>: pour boire un petit caf\u00e9 au zinc, avec les Marseillais. 56, la Canebi\u00e8re.<\/p>\n<p> <img decoding=\"async\" src=\"http:\/\/visitedemarseille.com\/visite\/wp-content\/uploads\/2018\/04\/IMG_0180.jpg\" alt=\"Visite comment\u00e9e du MuCEM\" data-maxdpr=\"1.7\" class=\"lazyload\" \/> <\/p>\n<h3 class=\"fw-imagebox-title\">Le Go\u00fbt de Marseille <\/h3>\n<h4 class=\"fw-imagebox-subtitle\">pour une 1\u00e8re d\u00e9couverte<\/h4>\n<p>Ce s\u00e9jour s&rsquo;adresse \u00e0 ceux qui ne connaissent pas la ville. Nous visiterons entre autre, le quartier du <a href=\"http:\/\/visitedemarseille.com\/visite\/panier-visite-incontournable\/\" target=\"_blank\" rel=\"noopener\">Panier<\/a>, le <a href=\"http:\/\/visitedemarseille.com\/visite\/i-love-mucem\/\" target=\"_blank\" rel=\"noopener\">MuCEM<\/a>, <a href=\"http:\/\/visitedemarseille.com\/visite\/notre-dame-de-garde-visite-guidee-bonne-mere\/\" target=\"_blank\" rel=\"noopener\">Notre Dame de la Garde<\/a>, le Palais Longchamps et les calanques en croisi\u00e8re.<\/p>\n<p> <img decoding=\"async\" src=\"http:\/\/visitedemarseille.com\/visite\/wp-content\/uploads\/2018\/04\/architecture-panier.jpg\" alt=\"S\u00e9jour Marseille sur mesure\" data-maxdpr=\"1.7\" class=\"lazyload\" \/> <\/p>\n<h3 class=\"fw-imagebox-title\">Marseille || La face cach\u00e9e<\/h3>\n<h4 class=\"fw-imagebox-subtitle\">Architecture, patrimoine naturel, savoirs-faire<\/h4>\n<p>Nous nous plongerons dans les coulisses du Vieux-port \u00e0 la d\u00e9couverte des artisans, nous nous int\u00e9resserons \u00e0 <a href=\"http:\/\/visitedemarseille.com\/visite\/architecture-euromediterranee\/\" target=\"_blank\" rel=\"noopener\">Eurom\u00e9diterran\u00e9e<\/a>, la Friche Belle de Mai, nous irons fl\u00e2ner le long de la <a href=\"http:\/\/visitedemarseille.com\/visite\/marseille-pecheurs-corniche\/\" target=\"_blank\" rel=\"noopener\">Corniche<\/a> et prendrons un bateau pour les \u00eeles, afin de regarder <a href=\"http:\/\/visitedemarseille.com\/visite\/visite-guidee-chateau-dif-marseille\/\" target=\"_blank\" rel=\"noopener\">Marseille en face<\/a>, droit dans les yeux.<\/p>\n<p style=\"text-align: center;\">Retour \u00e0 la <a href=\"http:\/\/visitedemarseille.com\/visite\/\" target=\"_blank\" rel=\"noopener\">page d&rsquo;accueil<\/a> ou au <a href=\"http:\/\/visitedemarseille.com\/visite\/nosvisites\/\" target=\"_blank\" rel=\"noopener\">catalogue des visites<\/a><\/p>\n<p> <img decoding=\"async\" src=\"http:\/\/visitedemarseille.com\/visite\/wp-content\/uploads\/2017\/11\/11.png\" alt=\"Comment r\u00e9server votre visite de Marseille ?\" data-maxdpr=\"1.7\" width=\"950\" class=\"lazyload\" \/><br \/>\n <a href=\"http:\/\/visitedemarseille.com\/visite\/contact\/\" target=\"_self\" class=\"fw-btn tf-sh-7de6fb48651929a406f9fcaa79f20223 fw-btn-md fw-btn-4\" style=\"\"><br \/>\n > R\u00e9servez votre visite<br \/>\n <\/a><\/p>\n<p><!-- a6310a19ff2c607b87995a9d4c103722 --><\/p>\n","protected":false},"excerpt":{"rendered":"<p>S\u00e9jours pour groupes 3 jours de circuits culturels \u00e0 Marseille et alentours Un s\u00e9jour sur mesure vous attend&#8230; Aide Logistique Venez poser vos bagages 3 jours ou plus dans un h\u00f4tel 3 \u00e9toiles situ\u00e9 en plein c\u0153ur de Marseille, \u00e0 proximit\u00e9 de toutes les attractions culturelles pour une d\u00e9couverte de la ville confortable. Accompagnement et [&hellip;]<\/p>\n","protected":false},"author":1,"featured_media":0,"parent":0,"menu_order":0,"comment_status":"closed","ping_status":"closed","template":"visual-builder-template.php","meta":{"_themeisle_gutenberg_block_has_review":false,"footnotes":""},"class_list":["post-3721","page","type-page","status-publish","hentry"],"yoast_head":"<!-- This site is optimized with the Yoast SEO plugin v24.3 - https:\/\/yoast.com\/wordpress\/plugins\/seo\/ -->\n<title>S\u00e9jours sur mesure \u00e0 Marseille- Avec Justine Coste<\/title>\n<meta name=\"description\" content=\"Proposition de s\u00e9jours culturels \u00e0 Marseille sur 2 ou 3 jours, circuits d\u00e9couvertes ou circuits experts, pour les groupes. Aide logistique, pr\u00e9paration au voyage, visites culturelles, suggestions de restaurants et d&#039;h\u00e9bergements\" \/>\n<meta name=\"robots\" content=\"index, follow, max-snippet:-1, max-image-preview:large, max-video-preview:-1\" \/>\n<link rel=\"canonical\" href=\"https:\/\/visitedemarseille.com\/visite\/sejours\/\" \/>\n<meta property=\"og:locale\" content=\"fr_FR\" \/>\n<meta property=\"og:type\" content=\"article\" \/>\n<meta property=\"og:title\" content=\"S\u00e9jours sur mesure \u00e0 Marseille- Avec Justine Coste\" \/>\n<meta property=\"og:description\" content=\"Proposition de s\u00e9jours culturels \u00e0 Marseille sur 2 ou 3 jours, circuits d\u00e9couvertes ou circuits experts, pour les groupes. Aide logistique, pr\u00e9paration au voyage, visites culturelles, suggestions de restaurants et d&#039;h\u00e9bergements\" \/>\n<meta property=\"og:url\" content=\"https:\/\/visitedemarseille.com\/visite\/sejours\/\" \/>\n<meta property=\"og:site_name\" content=\"Visite de Marseille\" \/>\n<meta property=\"article:publisher\" content=\"https:\/\/www.facebook.com\/Visitedemarseille\/\" \/>\n<meta property=\"article:modified_time\" content=\"2018-07-03T08:51:37+00:00\" \/>\n<meta property=\"og:image\" content=\"http:\/\/visitedemarseille.com\/visite\/wp-content\/uploads\/2018\/04\/IMG_0180.jpg\" \/>\n<meta name=\"twitter:card\" content=\"summary_large_image\" \/>\n<meta name=\"twitter:label1\" content=\"Dur\u00e9e de lecture estim\u00e9e\" \/>\n\t<meta name=\"twitter:data1\" content=\"2 minutes\" \/>\n<script type=\"application\/ld+json\" class=\"yoast-schema-graph\">{\"@context\":\"https:\/\/schema.org\",\"@graph\":[{\"@type\":\"WebPage\",\"@id\":\"https:\/\/visitedemarseille.com\/visite\/sejours\/\",\"url\":\"https:\/\/visitedemarseille.com\/visite\/sejours\/\",\"name\":\"S\u00e9jours sur mesure \u00e0 Marseille- Avec Justine Coste\",\"isPartOf\":{\"@id\":\"https:\/\/visitedemarseille.com\/visite\/#website\"},\"primaryImageOfPage\":{\"@id\":\"https:\/\/visitedemarseille.com\/visite\/sejours\/#primaryimage\"},\"image\":{\"@id\":\"https:\/\/visitedemarseille.com\/visite\/sejours\/#primaryimage\"},\"thumbnailUrl\":\"http:\/\/visitedemarseille.com\/visite\/wp-content\/uploads\/2018\/04\/IMG_0180.jpg\",\"datePublished\":\"2018-02-21T17:45:53+00:00\",\"dateModified\":\"2018-07-03T08:51:37+00:00\",\"description\":\"Proposition de s\u00e9jours culturels \u00e0 Marseille sur 2 ou 3 jours, circuits d\u00e9couvertes ou circuits experts, pour les groupes. Aide logistique, pr\u00e9paration au voyage, visites culturelles, suggestions de restaurants et d'h\u00e9bergements\",\"breadcrumb\":{\"@id\":\"https:\/\/visitedemarseille.com\/visite\/sejours\/#breadcrumb\"},\"inLanguage\":\"fr-FR\",\"potentialAction\":[{\"@type\":\"ReadAction\",\"target\":[\"https:\/\/visitedemarseille.com\/visite\/sejours\/\"]}]},{\"@type\":\"ImageObject\",\"inLanguage\":\"fr-FR\",\"@id\":\"https:\/\/visitedemarseille.com\/visite\/sejours\/#primaryimage\",\"url\":\"http:\/\/visitedemarseille.com\/visite\/wp-content\/uploads\/2018\/04\/IMG_0180.jpg\",\"contentUrl\":\"http:\/\/visitedemarseille.com\/visite\/wp-content\/uploads\/2018\/04\/IMG_0180.jpg\"},{\"@type\":\"BreadcrumbList\",\"@id\":\"https:\/\/visitedemarseille.com\/visite\/sejours\/#breadcrumb\",\"itemListElement\":[{\"@type\":\"ListItem\",\"position\":1,\"name\":\"Accueil\",\"item\":\"https:\/\/visitedemarseille.com\/visite\/\"},{\"@type\":\"ListItem\",\"position\":2,\"name\":\"26- S\u00e9jours\/ Groupes\"}]},{\"@type\":\"WebSite\",\"@id\":\"https:\/\/visitedemarseille.com\/visite\/#website\",\"url\":\"https:\/\/visitedemarseille.com\/visite\/\",\"name\":\"Visite de Marseille\",\"description\":\"visites scolaires|conf\u00e9rences Marseillaises| animations seniors\",\"publisher\":{\"@id\":\"https:\/\/visitedemarseille.com\/visite\/#organization\"},\"potentialAction\":[{\"@type\":\"SearchAction\",\"target\":{\"@type\":\"EntryPoint\",\"urlTemplate\":\"https:\/\/visitedemarseille.com\/visite\/?s={search_term_string}\"},\"query-input\":{\"@type\":\"PropertyValueSpecification\",\"valueRequired\":true,\"valueName\":\"search_term_string\"}}],\"inLanguage\":\"fr-FR\"},{\"@type\":\"Organization\",\"@id\":\"https:\/\/visitedemarseille.com\/visite\/#organization\",\"name\":\"Visite de Marseille\",\"url\":\"https:\/\/visitedemarseille.com\/visite\/\",\"logo\":{\"@type\":\"ImageObject\",\"inLanguage\":\"fr-FR\",\"@id\":\"https:\/\/visitedemarseille.com\/visite\/#\/schema\/logo\/image\/\",\"url\":\"https:\/\/visitedemarseille.com\/visite\/wp-content\/uploads\/2022\/10\/3.png\",\"contentUrl\":\"https:\/\/visitedemarseille.com\/visite\/wp-content\/uploads\/2022\/10\/3.png\",\"width\":1200,\"height\":600,\"caption\":\"Visite de Marseille\"},\"image\":{\"@id\":\"https:\/\/visitedemarseille.com\/visite\/#\/schema\/logo\/image\/\"},\"sameAs\":[\"https:\/\/www.facebook.com\/Visitedemarseille\/\"]}]}<\/script>\n<!-- \/ Yoast SEO plugin. -->","yoast_head_json":{"title":"S\u00e9jours sur mesure \u00e0 Marseille- Avec Justine Coste","description":"Proposition de s\u00e9jours culturels \u00e0 Marseille sur 2 ou 3 jours, circuits d\u00e9couvertes ou circuits experts, pour les groupes. Aide logistique, pr\u00e9paration au voyage, visites culturelles, suggestions de restaurants et d'h\u00e9bergements","robots":{"index":"index","follow":"follow","max-snippet":"max-snippet:-1","max-image-preview":"max-image-preview:large","max-video-preview":"max-video-preview:-1"},"canonical":"https:\/\/visitedemarseille.com\/visite\/sejours\/","og_locale":"fr_FR","og_type":"article","og_title":"S\u00e9jours sur mesure \u00e0 Marseille- Avec Justine Coste","og_description":"Proposition de s\u00e9jours culturels \u00e0 Marseille sur 2 ou 3 jours, circuits d\u00e9couvertes ou circuits experts, pour les groupes. Aide logistique, pr\u00e9paration au voyage, visites culturelles, suggestions de restaurants et d'h\u00e9bergements","og_url":"https:\/\/visitedemarseille.com\/visite\/sejours\/","og_site_name":"Visite de Marseille","article_publisher":"https:\/\/www.facebook.com\/Visitedemarseille\/","article_modified_time":"2018-07-03T08:51:37+00:00","og_image":[{"url":"http:\/\/visitedemarseille.com\/visite\/wp-content\/uploads\/2018\/04\/IMG_0180.jpg","type":"","width":"","height":""}],"twitter_card":"summary_large_image","twitter_misc":{"Dur\u00e9e de lecture estim\u00e9e":"2 minutes"},"schema":{"@context":"https:\/\/schema.org","@graph":[{"@type":"WebPage","@id":"https:\/\/visitedemarseille.com\/visite\/sejours\/","url":"https:\/\/visitedemarseille.com\/visite\/sejours\/","name":"S\u00e9jours sur mesure \u00e0 Marseille- Avec Justine Coste","isPartOf":{"@id":"https:\/\/visitedemarseille.com\/visite\/#website"},"primaryImageOfPage":{"@id":"https:\/\/visitedemarseille.com\/visite\/sejours\/#primaryimage"},"image":{"@id":"https:\/\/visitedemarseille.com\/visite\/sejours\/#primaryimage"},"thumbnailUrl":"http:\/\/visitedemarseille.com\/visite\/wp-content\/uploads\/2018\/04\/IMG_0180.jpg","datePublished":"2018-02-21T17:45:53+00:00","dateModified":"2018-07-03T08:51:37+00:00","description":"Proposition de s\u00e9jours culturels \u00e0 Marseille sur 2 ou 3 jours, circuits d\u00e9couvertes ou circuits experts, pour les groupes. Aide logistique, pr\u00e9paration au voyage, visites culturelles, suggestions de restaurants et d'h\u00e9bergements","breadcrumb":{"@id":"https:\/\/visitedemarseille.com\/visite\/sejours\/#breadcrumb"},"inLanguage":"fr-FR","potentialAction":[{"@type":"ReadAction","target":["https:\/\/visitedemarseille.com\/visite\/sejours\/"]}]},{"@type":"ImageObject","inLanguage":"fr-FR","@id":"https:\/\/visitedemarseille.com\/visite\/sejours\/#primaryimage","url":"http:\/\/visitedemarseille.com\/visite\/wp-content\/uploads\/2018\/04\/IMG_0180.jpg","contentUrl":"http:\/\/visitedemarseille.com\/visite\/wp-content\/uploads\/2018\/04\/IMG_0180.jpg"},{"@type":"BreadcrumbList","@id":"https:\/\/visitedemarseille.com\/visite\/sejours\/#breadcrumb","itemListElement":[{"@type":"ListItem","position":1,"name":"Accueil","item":"https:\/\/visitedemarseille.com\/visite\/"},{"@type":"ListItem","position":2,"name":"26- S\u00e9jours\/ Groupes"}]},{"@type":"WebSite","@id":"https:\/\/visitedemarseille.com\/visite\/#website","url":"https:\/\/visitedemarseille.com\/visite\/","name":"Visite de Marseille","description":"visites scolaires|conf\u00e9rences Marseillaises| animations seniors","publisher":{"@id":"https:\/\/visitedemarseille.com\/visite\/#organization"},"potentialAction":[{"@type":"SearchAction","target":{"@type":"EntryPoint","urlTemplate":"https:\/\/visitedemarseille.com\/visite\/?s={search_term_string}"},"query-input":{"@type":"PropertyValueSpecification","valueRequired":true,"valueName":"search_term_string"}}],"inLanguage":"fr-FR"},{"@type":"Organization","@id":"https:\/\/visitedemarseille.com\/visite\/#organization","name":"Visite de Marseille","url":"https:\/\/visitedemarseille.com\/visite\/","logo":{"@type":"ImageObject","inLanguage":"fr-FR","@id":"https:\/\/visitedemarseille.com\/visite\/#\/schema\/logo\/image\/","url":"https:\/\/visitedemarseille.com\/visite\/wp-content\/uploads\/2022\/10\/3.png","contentUrl":"https:\/\/visitedemarseille.com\/visite\/wp-content\/uploads\/2022\/10\/3.png","width":1200,"height":600,"caption":"Visite de Marseille"},"image":{"@id":"https:\/\/visitedemarseille.com\/visite\/#\/schema\/logo\/image\/"},"sameAs":["https:\/\/www.facebook.com\/Visitedemarseille\/"]}]}},"_links":{"self":[{"href":"https:\/\/visitedemarseille.com\/visite\/wp-json\/wp\/v2\/pages\/3721","targetHints":{"allow":["GET"]}}],"collection":[{"href":"https:\/\/visitedemarseille.com\/visite\/wp-json\/wp\/v2\/pages"}],"about":[{"href":"https:\/\/visitedemarseille.com\/visite\/wp-json\/wp\/v2\/types\/page"}],"author":[{"embeddable":true,"href":"https:\/\/visitedemarseille.com\/visite\/wp-json\/wp\/v2\/users\/1"}],"replies":[{"embeddable":true,"href":"https:\/\/visitedemarseille.com\/visite\/wp-json\/wp\/v2\/comments?post=3721"}],"version-history":[{"count":11,"href":"https:\/\/visitedemarseille.com\/visite\/wp-json\/wp\/v2\/pages\/3721\/revisions"}],"predecessor-version":[{"id":5171,"href":"https:\/\/visitedemarseille.com\/visite\/wp-json\/wp\/v2\/pages\/3721\/revisions\/5171"}],"wp:attachment":[{"href":"https:\/\/visitedemarseille.com\/visite\/wp-json\/wp\/v2\/media?parent=3721"}],"curies":[{"name":"wp","href":"https:\/\/api.w.org\/{rel}","templated":true}]}}